{"id":3,"date":"2024-06-09T17:04:21","date_gmt":"2024-06-09T17:04:21","guid":{"rendered":"https:\/\/constantinstalzer.de\/?page_id=3"},"modified":"2024-06-24T15:26:16","modified_gmt":"2024-06-24T15:26:16","slug":"privacy-policy","status":"publish","type":"page","link":"https:\/\/constantinstalzer.de\/de\/privacy-policy\/","title":{"rendered":"Datenschutzbestimmungen"},"content":{"rendered":"<p><strong>Datenschutzerkl\u00e4rung<br><\/strong><br><strong>\u00a7 1 Information \u00fcber die Erhebung personenbezogener Daten<br><\/strong>(1) Im Folgenden informieren wir \u00fcber die Erhebung personenbezogener Daten bei Nutzung unserer Website. Personenbezogene Daten sind alle Daten, die auf Sie pers\u00f6nlich beziehbar sind, z.\u2009B. Name, Adresse, E-Mail-Adressen, Nutzerverhalten.<br>(2) Verantwortlicher gem. Art. 4 Abs. 7 EU-Datenschutz-Grundverordnung (DS-GVO) ist.<\/p>\n\n\n\n<p>Constantin Stalzer<br>CS Coaching &amp; Teamwear<br>Oberbilker Allee 127<br>40227 D\u00fcsseldorf<br>Germany<\/p>\n\n\n\n<p><strong>Kontakt<br><\/strong>www.ConstantinStalzer.de<\/p>\n\n\n\n<p>www.ConstantinStalzer.com<\/p>\n\n\n\n<p>ConstantinStalzer@gmail.com<\/p>\n\n\n\n<p>(3) Bei Ihrer Kontaktaufnahme mit uns per E-Mail oder \u00fcber ein Kontaktformular werden die von Ihnen mitgeteilten Daten (Ihre E-Mail-Adresse, ggf. Ihr Name und Ihre Telefonnummer) von uns gespeichert, um Ihre Fragen zu beantworten. Die in diesem Zusammenhang anfallenden Daten l\u00f6schen wir, nachdem die Speicherung nicht mehr erforderlich ist, oder schr\u00e4nken die Verarbeitung ein, falls gesetzliche Aufbewahrungspflichten bestehen.<br>(4) Falls wir f\u00fcr einzelne Funktionen unseres Angebots auf beauftragte Dienstleister zur\u00fcckgreifen oder Ihre Daten f\u00fcr werbliche Zwecke nutzen m\u00f6chten, werden wir Sie untenstehend im Detail \u00fcber die jeweiligen Vorg\u00e4nge informieren. Dabei nennen wir auch die festgelegten Kriterien der Specherdauer.<\/p>\n\n\n\n<p><strong>\u00a7 2 Ihre Rechte<br><\/strong>(1) Sie haben gegen\u00fcber uns folgende Rechte hinsichtlich der Sie betreffenden personenbezogenen Daten<br>\u2013 Recht auf Auskunft,<br>\u2013 Recht auf Berichtigung oder L\u00f6schung,<br>\u2013 Recht auf Einschr\u00e4nkung der Verarbeitung,<br>\u2013 Recht auf Widerspruch gegen die Verarbeitung,<br>\u2013 Recht auf Daten\u00fcbertragbarkeit.<br>(2) Sie haben zudem das Recht, sich bei einer Datenschutz-Aufsichtsbeh\u00f6rde \u00fcber die Verarbeitung Ihrer personenbezogenen Daten durch uns zu beschweren.<br>(3) Unser Datenschutzbeauftragter steht Ihnen f\u00fcr Fragen zur Verarbeitung Ihrer personenbezogenen Daten unter<br>Constantin Stalzer<br>CS Coaching &amp; Teamwear<br>Fl\u00fcgelstra\u00dfe 12<br>40227 D\u00fcsseldorf<br>Germany<\/p>\n\n\n\n<p><strong>Kontakt<\/strong><\/p>\n\n\n\n<p>www.ConstantinStalzer.de<\/p>\n\n\n\n<p>www.ConstantinStalzer.com<\/p>\n\n\n\n<p>ConstantinStalzer@gmail.com<\/p>\n\n\n\n<p>Auf Anforderung werden Ihnen schriftlich entsprechend dem geltenden Recht mitgeteilt, ob und welche pers\u00f6nliche Daten wir \u00fcber Sie gespeichert haben.<\/p>\n\n\n\n<p><strong>\u00a7 3 Erhebung personenbezogener Daten bei Besuch unserer Website<br><\/strong>(1) Bei der blo\u00df informatorischen Nutzung der Website, also wenn Sie sich nicht registrieren oder uns anderweitig Informationen \u00fcbermitteln, erheben wir nur die personenbezogenen Daten, die Ihr Browser an unseren Server \u00fcbermittelt. Wenn Sie unsere Website betrachten m\u00f6chten, erheben wir die folgenden Daten, die f\u00fcr uns technisch erforderlich sind, um Ihnen unsere Website anzuzeigen und die Stabilit\u00e4t und Sicherheit zu gew\u00e4hrleisten (Rechtsgrundlage ist Art.6 Abs.1 S.1 lit. f DS-GVO):<br>\u2013 IP-Adresse<br>\u2013 Datum und Uhrzeit der Anfrage<br>\u2013 Zeitzonendifferenz zur Greenwich Mean Time (GMT)<br>\u2013 Inhalt der Anforderung (konkrete Seite)<br>\u2013 Zugriffsstatus\/HTTP-Statuscode<br>\u2013 jeweils \u00fcbertragene Datenmenge<br>\u2013 Website, von der die Anforderung kommt<br>\u2013 Browser<br>\u2013 Betriebssystem und dessen Oberfl\u00e4che<br>\u2013 Sprache und Version der Browsersoftware.<br>(2) Zus\u00e4tzlich zu den zuvor genannten Daten werden bei Ihrer Nutzung unserer Website Cookies auf Ihrem Rechner gespeichert. Bei Cookies handelt es sich um kleine Textdateien, die auf Ihrer Festplatte dem von Ihnen verwendeten Browser zugeordnet gespeichert werden und durch welche der Stelle, die den Cookie setzt (hier durch uns), bestimmte Informationen zuflie\u00dfen. Cookies k\u00f6nnen keine Programme ausf\u00fchren oder Viren auf Ihren Computer \u00fcbertragen. Sie dienen dazu, das Internetangebot insgesamt nutzerfreundlicher und effektiver zu machen.<br>(3) Einsatz von Cookies:<br>a) Diese Website nutzt folgende Arten von Cookies, deren Umfang und Funktionsweise im Folgenden erl\u00e4utert werden:<br>\u2013 Transiente Cookies (dazu b)<br>\u2013 Persistente Cookies (dazu c).<br>b) Transiente Cookies werden automatisiert gel\u00f6scht, wenn Sie den Browser schlie\u00dfen. Dazu z\u00e4hlen insbesondere die Session-Cookies. Diese speichern eine sogenannte Session-ID, mit welcher sich verschiedene Anfragen Ihres Browsers der gemeinsamen Sitzung zuordnen lassen. Dadurch kann Ihr Rechner wiedererkannt werden, wenn Sie auf unsere Website zur\u00fcckkehren. Die Session-Cookies werden gel\u00f6scht, wenn Sie sich ausloggen oder den Browser schlie\u00dfen.<br>c) Persistente Cookies werden automatisiert nach einer vorgegebenen Dauer gel\u00f6scht, die sich je nach Cookie unterscheiden kann. Sie k\u00f6nnen die Cookies in den Sicherheitseinstellungen Ihres Browsers jederzeit l\u00f6schen.<br>d) Sie k\u00f6nnen Ihre Browser-Einstellung entsprechend Ihren W\u00fcnschen konfigurieren und z.\u2009B. die Annahme von Third-Party-Cookies oder allen Cookies ablehnen. Wir weisen Sie darauf hin, dass Sie eventuell nicht alle Funktionen dieser Website nutzen k\u00f6nnen.<\/p>\n\n\n\n<p><strong>\u00a7 4 Weitere Funktionen und Angebote unserer Website<br><\/strong>(1) Neben der rein informatorischen Nutzung unserer Website bieten wir verschiedene Leistungen an, die Sie bei Interesse nutzen k\u00f6nnen. Dazu m\u00fcssen Sie in der Regel weitere personenbezogene Daten angeben, die wir zur Erbringung der jeweiligen Leistung nutzen und f\u00fcr die die zuvor genannten Grunds\u00e4tze zur Datenverarbeitung gelten.<br>(2) Teilweise bedienen wir uns zur Verarbeitung Ihrer Daten externer Dienstleister. Diese wurden von uns sorgf\u00e4ltig ausgew\u00e4hlt und beauftragt, sind an unsere Weisungen gebunden und werden regelm\u00e4\u00dfig kontrolliert.<br>(3) Weiterhin k\u00f6nnen wir Ihre personenbezogenen Daten an Dritte weitergeben, wenn Aktionsteilnahmen, Gewinnspiele, Vertragsabschl\u00fcsse oder \u00e4hnliche Leistungen von uns gemeinsam mit Partnern angeboten werden. N\u00e4here Informationen hierzu erhalten Sie bei Angabe Ihrer personenbezogenen Daten oder untenstehend in der Beschreibung des Angebotes.<br>(4) Soweit unsere Dienstleister oder Partner ihren Sitz in einem Staat au\u00dferhalb des Europ\u00e4ischen Wirtschaftsraumen (EWR) haben, informieren wir Sie \u00fcber die Folgen dieses Umstands in der Beschreibung des Angebotes.<\/p>\n\n\n\n<p><strong>\u00a7 5 Widerspruch oder Widerruf gegen die Verarbeitung Ihrer Daten<br><\/strong>(1) Falls Sie eine Einwilligung zur Verarbeitung Ihrer Daten erteilt haben, k\u00f6nnen Sie diese jederzeit widerrufen. Ein solcher Widerruf beeinflusst die Zul\u00e4ssigkeit der Verarbeitung Ihrer personenbezogenen Daten, nachdem Sie ihn gegen\u00fcber uns ausgesprochen haben.<br>(2) Soweit wir die Verarbeitung Ihrer personenbezogenen Daten auf die Interessenabw\u00e4gung st\u00fctzen, k\u00f6nnen Sie Widerspruch gegen die Verarbeitung einlegen. Dies ist der Fall, wenn die Verarbeitung insbesondere nicht zur Erf\u00fcllung eines Vertrags mit Ihnen erforderlich ist, was von uns jeweils bei der nachfolgenden Beschreibung der Funktionen dargestellt wird. Bei Aus\u00fcbung eines solchen Widerspruchs bitten wir um Darlegung der Gr\u00fcnde, weshalb wir Ihre personenbezogenen Daten nicht wie von uns durchgef\u00fchrt verarbeiten sollten. Im Falle Ihres begr\u00fcndeten Widerspruchs pr\u00fcfen wir die Sachlage und werden entweder die Datenverarbeitung einstellen bzw. anpassen oder Ihnen unsere zwingenden schutzw\u00fcrdigen Gr\u00fcnde aufzeigen, aufgrund derer wir die Verarbeitung fortf\u00fchren.<br>(3) Selbstverst\u00e4ndlich k\u00f6nnen Sie der Verarbeitung Ihrer personenbezogenen Daten f\u00fcr Zwecke der Werbung und Datenanalyse jederzeit widersprechen. \u00dcber Ihren Werbewiderspruch k\u00f6nnen Sie uns unter folgenden Kontaktdaten informieren:<br>Constantin Stalzer<br>CS Coaching &amp; Teamwear<br>Oberbilker Allee 127<br>40227 D\u00fcsseldorf<br>Germany<\/p>\n\n\n\n<p><strong>Kontakt<\/strong><\/p>\n\n\n\n<p>www.ConstantinStalzer.de<\/p>\n\n\n\n<p>www.ConstantinStalzer.com<\/p>\n\n\n\n<p>ConstantinStalzer@gmail.com<\/p>\n\n\n\n<p><strong>\u00a7 6 Der Einsatz von Web Analytics<br><\/strong>(1) Diese Website benutzt Google Analytics, einen Webanalysedienst der Google Inc. (\u201eGoogle\u201c). Google Analytics verwendet sog. \u201eCookies\u201c, Textdateien, die auf Ihrem Computer gespeichert werden und die eine Analyse der Benutzung der Website durch Sie erm\u00f6glichen. Die durch den Cookie erzeugten Informationen \u00fcber Ihre Benutzung dieser Website werden in der Regel an einen Server von Google in den USA \u00fcbertragen und dort gespeichert. Im Falle der Aktivierung der IP-Anonymisierung auf dieser Website, wird Ihre IP-Adresse von Google jedoch innerhalb von Mitgliedstaaten der Europ\u00e4ischen Union oder in anderen Vertragsstaaten des Abkommens \u00fcber den Europ\u00e4ischen Wirtschaftsraum zuvor gek\u00fcrzt. Nur in Ausnahmef\u00e4llen wird die volle IP-Adresse an einen Server von Google in den USA \u00fcbertragen und dort gek\u00fcrzt. Im Auftrag des Betreibers dieser Website wird Google diese Informationen benutzen, um Ihre Nutzung der Website auszuwerten, um Reports \u00fcber die Website-Aktivit\u00e4ten zusammenzustellen und um weitere mit der Website-Nutzung und der Internetnutzung verbundene Dienstleistungen gegen\u00fcber dem Website-Betreiber zu erbringen.<br>(2) Die im Rahmen von Google Analytics von Ihrem Browser \u00fcbermittelte IP-Adresse wird nicht mit anderen Daten von Google zusammengef\u00fchrt.<br>(3) Sie k\u00f6nnen die Speicherung der Cookies durch eine entsprechende Einstellung Ihrer Browser-Software verhindern; wir weisen Sie jedoch darauf hin, dass Sie in diesem Fall gegebenenfalls nicht s\u00e4mtliche Funktionen dieser Website vollumf\u00e4nglich werden nutzen k\u00f6nnen. Sie k\u00f6nnen dar\u00fcber hinaus die Erfassung der durch das Cookie erzeugten und auf Ihre Nutzung der Website bezogenen Daten (inkl. Ihrer IP-Adresse) an Google sowie die Verarbeitung dieser Daten durch Google verhindern, indem sie das unter dem folgenden Link verf\u00fcgbare Browser-Plug-in herunterladen und installieren:&nbsp;&nbsp;http:\/\/tools.google.com\/dlpage\/gaoptout?hl=de.<br>(4) Diese Website verwendet Google Analytics mit der Erweiterung \u201e_anonymizeIp()\u201c. Dadurch werden IP-Adressen gek\u00fcrzt weiterverarbeitet, eine Personenbeziehbarkeit kann damit ausgeschlossen werden. Soweit den \u00fcber Sie erhobenen Daten ein Personenbezug zukommt, wird dieser also sofort ausgeschlossen und die personenbezogenen Daten damit umgehend gel\u00f6scht.<br>(5) Wir nutzen Google Analytics, um die Nutzung unserer Website analysieren und regelm\u00e4\u00dfig verbessern zu k\u00f6nnen. \u00dcber die gewonnenen Statistiken k\u00f6nnen wir unser Angebot verbessern und f\u00fcr Sie als Nutzer interessanter ausgestalten. F\u00fcr die Ausnahmef\u00e4lle, in denen personenbezogene Daten in die USA \u00fcbertragen werden, hat sich Google dem EU-US Privacy Shield unterworfen, https:\/\/www.privacyshield.gov\/EU-US-Framework. Rechtsgrundlage f\u00fcr die Nutzung von Google Analytics ist Art.6 Abs.1 S.1 lit. f DS-GVO.2<br>(6) Informationen des Drittanbieters: Google Dublin, Google Ireland Ltd., Gordon House, Barrow Street, Dublin 4, Ireland, Fax: +353 (1) 436\u20091001. Nutzerbedingungen: http:\/\/www.google.com\/analytics\/terms\/de.html, \u00dcbersicht zum Datenschutz: http:\/\/www.google.com\/intl\/de\/analytics\/learn\/privacy.html, sowie die Datenschutzerkl\u00e4rung: http:\/\/www.google.de\/intl\/de\/policies\/privacy.<\/p>\n\n\n\n<p><strong>Der Einsatz von GoogleAdWords und Google Conversion-Tracking<br><\/strong>(1) Diese Website verwendet Google AdWords. AdWords ist ein Online-Werbeprogramm der Google Inc., 1600 Amphitheatre Parkway, Mountain View, CA 94043, United States (\u201cGoogle\u201d). Im Rahmen von Google AdWords nutzen wir das so genannte Conversion-Tracking. Wenn Sie auf eine von Google geschaltete Anzeige klicken wird ein Cookie f\u00fcr das Conversion-Tracking gesetzt. Bei Cookies handelt es sich um kleine Textdateien, die der Internet-Browser auf dem Computer des Nutzers ablegt. Diese Cookies verlieren nach 30 Tagen ihre G\u00fcltigkeit und dienen nicht der pers\u00f6nlichen Identifizierung der Nutzer. Besucht der Nutzer bestimmte Seiten dieser Website und das Cookie ist noch nicht abgelaufen, k\u00f6nnen Google und wir erkennen, dass der Nutzer auf die Anzeige geklickt hat und zu dieser Seite weitergeleitet wurde.<br>(2) Jeder Google AdWords-Kunde erh\u00e4lt ein anderes Cookie. Die Cookies k\u00f6nnen nicht \u00fcber die Websites von AdWords-Kunden nachverfolgt werden. Die mithilfe des Conversion-Cookies eingeholten Informationen dienen dazu, Conversion-Statistiken f\u00fcr AdWords-Kunden zu erstellen, die sich f\u00fcr Conversion-Tracking entschieden haben. Die Kunden erfahren die Gesamtanzahl der Nutzer, die auf ihre Anzeige geklickt haben und zu einer mit einem Conversion-Tracking-Tag versehenen Seite weitergeleitet wurden. Sie erhalten jedoch keine Informationen, mit denen sich Nutzer pers\u00f6nlich identifizieren lassen. Wenn Sie nicht am Tracking teilnehmen m\u00f6chten, k\u00f6nnen Sie dieser Nutzung widersprechen, indem Sie das Cookie des Google Conversion-Trackings \u00fcber ihren Internet-Browser unter Nutzereinstellungen leicht deaktivieren. Sie werden sodann nicht in die Conversion-Tracking Statistiken aufgenommen.<br>(3) Die Speicherung von \u201cConversion-Cookies\u201d erfolgt auf Grundlage von Art. 6 Abs. 1 lit. f DSGVO. Der Websitebetreiber hat ein berechtigtes Interesse an der Analyse des Nutzerverhaltens, um sowohl sein Webangebot als auch seine Werbung zu optimieren.&nbsp;<br>Mehr Informationen zu Google AdWords und Google Conversion-Tracking finden Sie in den Datenschutzbestimmungen von Google:&nbsp;&nbsp;https:\/\/www.google.de\/policies\/privacy\/. Sie k\u00f6nnen Ihren Browser so einstellen, dass Sie \u00fcber das Setzen von Cookies informiert werden und Cookies nur im Einzelfall erlauben, die Annahme von Cookies f\u00fcr bestimmte F\u00e4lle oder generell ausschlie\u00dfen sowie das automatische L\u00f6schen der Cookies beim Schlie\u00dfen des Browser aktivieren. Bei der Deaktivierung von Cookies kann die Funktionalit\u00e4t dieser Website eingeschr\u00e4nkt sein.<\/p>\n\n\n\n<p><strong>\u00a7 7 Soziale Medien<br><\/strong>Inhalte teilen \u00fcber Plugins (Facebook, Google+1, Twitter &amp; Co.)<br>(1) Die Inhalte auf unseren Seiten k\u00f6nnen datenschutzkonform in sozialen Netzwerken wie Facebook, Twitter oder Google+ geteilt werden. Diese Seite nutzt daf\u00fcr das&nbsp;&nbsp;eRecht24 Safe Sharing Tool. Dieses Tool stellt den direkten Kontakt zwischen den Netzwerken und Nutzern erst dann her, wenn der Nutzer aktiv auf einen dieser Button klickt.<br>(2) Eine automatische \u00dcbertragung von Nutzerdaten an die Betreiber dieser Plattformen erfolgt durch dieses Tool nicht. Ist der Nutzer bei einem der sozialen Netzwerke angemeldet, erscheint bei der Nutzung der Social-Buttons von Facebook, Google+1, Twitter &amp; Co. ein Informations-Fenster, in dem der Nutzer den Text vor dem Absenden best\u00e4tigen kann.<br>(3) Unsere Nutzer k\u00f6nnen die Inhalte dieser Seite datenschutzkonform in sozialen Netzwerken teilen, ohne dass komplette Surf-Profile durch die Betreiber der Netzwerke erstellt werden.<\/p>","protected":false},"excerpt":{"rendered":"<p>Datenschutzerkl\u00e4rung\u00a7 1 Information \u00fcber die Erhebung personenbezogener Daten(1) Im Folgenden informieren wir \u00fcber die Erhebung personenbezogener Daten bei Nutzung unserer [&hellip;]<\/p>\n","protected":false},"author":1,"featured_media":0,"parent":0,"menu_order":0,"comment_status":"closed","ping_status":"open","template":"","meta":{"site-sidebar-layout":"default","site-content-layout":"","ast-site-content-layout":"default","site-content-style":"default","site-sidebar-style":"default","ast-global-header-display":"","ast-banner-title-visibility":"","ast-main-header-display":"","ast-hfb-above-header-display":"","ast-hfb-below-header-display":"","ast-hfb-mobile-header-display":"","site-post-title":"","ast-breadcrumbs-content":"","ast-featured-img":"","footer-sml-layout":"","ast-disable-related-posts":"","theme-transparent-header-meta":"","adv-header-id-meta":"","stick-header-meta":"","header-above-stick-meta":"","header-main-stick-meta":"","header-below-stick-meta":"","astra-migrate-meta-layouts":"default","ast-page-background-enabled":"default","ast-page-background-meta":{"desktop":{"background-color":"var(--ast-global-color-4)","background-image":"","background-repeat":"repeat","background-position":"center center","background-size":"auto","background-attachment":"scroll","background-type":"","background-media":"","overlay-type":"","overlay-color":"","overlay-opacity":"","overlay-gradient":""},"tablet":{"background-color":"","background-image":"","background-repeat":"repeat","background-position":"center center","background-size":"auto","background-attachment":"scroll","background-type":"","background-media":"","overlay-type":"","overlay-color":"","overlay-opacity":"","overlay-gradient":""},"mobile":{"background-color":"","background-image":"","background-repeat":"repeat","background-position":"center center","background-size":"auto","background-attachment":"scroll","background-type":"","background-media":"","overlay-type":"","overlay-color":"","overlay-opacity":"","overlay-gradient":""}},"ast-content-background-meta":{"desktop":{"background-color":"var(--ast-global-color-5)","background-image":"","background-repeat":"repeat","background-position":"center center","background-size":"auto","background-attachment":"scroll","background-type":"","background-media":"","overlay-type":"","overlay-color":"","overlay-opacity":"","overlay-gradient":""},"tablet":{"background-color":"var(--ast-global-color-5)","background-image":"","background-repeat":"repeat","background-position":"center center","background-size":"auto","background-attachment":"scroll","background-type":"","background-media":"","overlay-type":"","overlay-color":"","overlay-opacity":"","overlay-gradient":""},"mobile":{"background-color":"var(--ast-global-color-5)","background-image":"","background-repeat":"repeat","background-position":"center center","background-size":"auto","background-attachment":"scroll","background-type":"","background-media":"","overlay-type":"","overlay-color":"","overlay-opacity":"","overlay-gradient":""}},"footnotes":""},"class_list":["post-3","page","type-page","status-publish","hentry"],"jetpack_sharing_enabled":true,"_links":{"self":[{"href":"https:\/\/constantinstalzer.de\/de\/wp-json\/wp\/v2\/pages\/3","targetHints":{"allow":["GET"]}}],"collection":[{"href":"https:\/\/constantinstalzer.de\/de\/wp-json\/wp\/v2\/pages"}],"about":[{"href":"https:\/\/constantinstalzer.de\/de\/wp-json\/wp\/v2\/types\/page"}],"author":[{"embeddable":true,"href":"https:\/\/constantinstalzer.de\/de\/wp-json\/wp\/v2\/users\/1"}],"replies":[{"embeddable":true,"href":"https:\/\/constantinstalzer.de\/de\/wp-json\/wp\/v2\/comments?post=3"}],"version-history":[{"count":1,"href":"https:\/\/constantinstalzer.de\/de\/wp-json\/wp\/v2\/pages\/3\/revisions"}],"predecessor-version":[{"id":820,"href":"https:\/\/constantinstalzer.de\/de\/wp-json\/wp\/v2\/pages\/3\/revisions\/820"}],"wp:attachment":[{"href":"https:\/\/constantinstalzer.de\/de\/wp-json\/wp\/v2\/media?parent=3"}],"curies":[{"name":"wp","href":"https:\/\/api.w.org\/{rel}","templated":true}]}}