{"id":1420,"date":"2024-07-09T16:46:36","date_gmt":"2024-07-09T16:46:36","guid":{"rendered":"https:\/\/constantinstalzer.de\/?post_type=product&#038;p=1420"},"modified":"2025-05-13T14:03:06","modified_gmt":"2025-05-13T14:03:06","slug":"the-strongest-gift-card-ever-peak","status":"publish","type":"product","link":"https:\/\/constantinstalzer.de\/de\/produkt\/the-strongest-gift-card-ever-peak\/","title":{"rendered":"Die st\u00e4rkste Geschenkkarte aller Zeiten <br> #Peak"},"content":{"rendered":"<p>W\u00e4hlen Sie diesen Geschenkgutschein, um Ihren Stuntpartner, Ihren Flieger, Ihre Basis oder Ihren Lieblingsfreund zu \u00fcberraschen, der gerne mit TOSS trainieren w\u00fcrde!<\/p>\n<p>... oder vielleicht einen kleinen Motivationsschub braucht, um loszulegen!<\/p>\n<p>Unsere Geschenkkarte wird per E-Mail zugestellt und enth\u00e4lt einen Rabattcode zur einmaligen Verwendung. Bitte beachten Sie, dass wir keine physische Geschenkkarte versenden.<\/p>\n<p>After purchase, your confirmation email will include the discount code for 115 \u20ac.<\/p>\n<p>Diese Geschenkkarte hat kein Verfallsdatum und kann nur auf unserer Website eingel\u00f6st werden.\u00a0<a href=\"https:\/\/www.stuntstrength.com\/\" target=\"_blank\" rel=\"noopener noreferrer\" data-fr-linked=\"true\">www.StuntStrength.com<\/a>.<\/p>\n<p>Ausf\u00fchrlichere Informationen \u00fcber TOSS! und unsere Trainingspl\u00e4ne finden Sie unter\u00a0<a href=\"https:\/\/www.stuntstrength.com\/\" target=\"_blank\" rel=\"noopener noreferrer\" data-fr-linked=\"true\">www.StuntStrength.com<\/a>!<\/p>\n<p>Sch\u00f6nen Tag noch!<\/p>\n<p><strong>Mit freundlichen Gr\u00fc\u00dfen, Constantin &amp; Simon<\/strong><\/p>\n<div><\/div>\n<p><strong><em>DER FLEISSIGSTE MITARBEITER IM RAUM SEIN<\/em><\/strong><\/p>\n<p><strong><em>DISZIPLINIERT BLEIBEN<\/em><\/strong><\/p>\n<p><strong><em>ZIELGERICHTET TRAINIEREN<\/em><\/strong><\/p>\n<p><strong><em>VERTRAUEN IN DEN PROZESS<\/em><\/strong><\/p>\n<p><strong><em>DANN KOMMT DER ERFOLG VON SELBST<\/em><\/strong><\/p>","protected":false},"excerpt":{"rendered":"<p id=\"isPasted\"><strong>\u201cMach jemanden gl\u00fccklich ... und st\u00e4rker!\u201d<\/strong><\/p>\n<p>Wir haben das perfekte Geschenk f\u00fcr Sie!<\/p>","protected":false},"featured_media":1975,"template":"","meta":{"site-sidebar-layout":"default","site-content-layout":"","ast-site-content-layout":"default","site-content-style":"default","site-sidebar-style":"default","ast-global-header-display":"","ast-banner-title-visibility":"","ast-main-header-display":"","ast-hfb-above-header-display":"","ast-hfb-below-header-display":"","ast-hfb-mobile-header-display":"","site-post-title":"","ast-breadcrumbs-content":"","ast-featured-img":"","footer-sml-layout":"","ast-disable-related-posts":"","theme-transparent-header-meta":"default","adv-header-id-meta":"","stick-header-meta":"","header-above-stick-meta":"","header-main-stick-meta":"","header-below-stick-meta":"","astra-migrate-meta-layouts":"set","ast-page-background-enabled":"default","ast-page-background-meta":{"desktop":{"background-color":"var(--ast-global-color-4)","background-image":"","background-repeat":"repeat","background-position":"center center","background-size":"auto","background-attachment":"scroll","background-type":"","background-media":"","overlay-type":"","overlay-color":"","overlay-opacity":"","overlay-gradient":""},"tablet":{"background-color":"","background-image":"","background-repeat":"repeat","background-position":"center center","background-size":"auto","background-attachment":"scroll","background-type":"","background-media":"","overlay-type":"","overlay-color":"","overlay-opacity":"","overlay-gradient":""},"mobile":{"background-color":"","background-image":"","background-repeat":"repeat","background-position":"center center","background-size":"auto","background-attachment":"scroll","background-type":"","background-media":"","overlay-type":"","overlay-color":"","overlay-opacity":"","overlay-gradient":""}},"ast-content-background-meta":{"desktop":{"background-color":"var(--ast-global-color-5)","background-image":"","background-repeat":"repeat","background-position":"center center","background-size":"auto","background-attachment":"scroll","background-type":"","background-media":"","overlay-type":"","overlay-color":"","overlay-opacity":"","overlay-gradient":""},"tablet":{"background-color":"var(--ast-global-color-5)","background-image":"","background-repeat":"repeat","background-position":"center center","background-size":"auto","background-attachment":"scroll","background-type":"","background-media":"","overlay-type":"","overlay-color":"","overlay-opacity":"","overlay-gradient":""},"mobile":{"background-color":"var(--ast-global-color-5)","background-image":"","background-repeat":"repeat","background-position":"center center","background-size":"auto","background-attachment":"scroll","background-type":"","background-media":"","overlay-type":"","overlay-color":"","overlay-opacity":"","overlay-gradient":""}}},"product_brand":[],"product_cat":[24],"product_tag":[],"class_list":{"0":"post-1420","1":"product","2":"type-product","3":"status-publish","4":"has-post-thumbnail","6":"product_cat-gift-cards","7":"desktop-align-left","8":"tablet-align-left","9":"mobile-align-left","11":"first","12":"instock","13":"taxable","14":"shipping-taxable","15":"product-type-external"},"jetpack_sharing_enabled":true,"_links":{"self":[{"href":"https:\/\/constantinstalzer.de\/de\/wp-json\/wp\/v2\/product\/1420","targetHints":{"allow":["GET"]}}],"collection":[{"href":"https:\/\/constantinstalzer.de\/de\/wp-json\/wp\/v2\/product"}],"about":[{"href":"https:\/\/constantinstalzer.de\/de\/wp-json\/wp\/v2\/types\/product"}],"wp:featuredmedia":[{"embeddable":true,"href":"https:\/\/constantinstalzer.de\/de\/wp-json\/wp\/v2\/media\/1975"}],"wp:attachment":[{"href":"https:\/\/constantinstalzer.de\/de\/wp-json\/wp\/v2\/media?parent=1420"}],"wp:term":[{"taxonomy":"product_brand","embeddable":true,"href":"https:\/\/constantinstalzer.de\/de\/wp-json\/wp\/v2\/product_brand?post=1420"},{"taxonomy":"product_cat","embeddable":true,"href":"https:\/\/constantinstalzer.de\/de\/wp-json\/wp\/v2\/product_cat?post=1420"},{"taxonomy":"product_tag","embeddable":true,"href":"https:\/\/constantinstalzer.de\/de\/wp-json\/wp\/v2\/product_tag?post=1420"}],"curies":[{"name":"wp","href":"https:\/\/api.w.org\/{rel}","templated":true}]}}