{"id":1981,"date":"2025-05-13T14:08:23","date_gmt":"2025-05-13T14:08:23","guid":{"rendered":"https:\/\/constantinstalzer.de\/?post_type=product&#038;p=1981"},"modified":"2025-05-18T14:00:58","modified_gmt":"2025-05-18T14:00:58","slug":"relax-recover","status":"publish","type":"product","link":"https:\/\/constantinstalzer.de\/de\/produkt\/relax-recover\/","title":{"rendered":"Akupunkturmatte - Werkzeug zur Erholung"},"content":{"rendered":"<div id=\"title_feature_div\" class=\"celwidget\" data-feature-name=\"title\" data-csa-c-type=\"widget\" data-csa-c-content-id=\"title\" data-csa-c-slot-id=\"title_feature_div\" data-csa-c-asin=\"B0DLBJ4NSV\" data-csa-c-is-in-initial-active-row=\"false\" data-csa-c-id=\"wp1mn2-2jk83z-ry7pap-o8lswc\" data-cel-widget=\"title_feature_div\">\n<h6 id=\"titleSection\" class=\"a-section a-spacing-none\"><span id=\"productTitle\" class=\"a-size-large product-title-word-break\">ARIMI\u00ae Akupressurmatte mit Kissen und Tasche, nachhaltig, ergonomisch \u2013 f\u00fcr Schmerzlinderung, Entspannung und Regeneration, ideal f\u00fcr R\u00fccken und Nacken, Massagematte mit Akupressurkissen<\/span><\/h6>\n<\/div>\n<h6><\/h6>\n<ul class=\"a-unordered-list a-vertical a-spacing-mini\">\n<li style=\"list-style-type: none;\">\n<ul class=\"a-unordered-list a-vertical a-spacing-mini\">\n<li class=\"a-spacing-mini\">\n<h6><span class=\"a-list-item\">\ud83e\uddd8\ud83c\udffc\u200d\u2640\ufe0fStressabbau &amp; Wohlbefinden &#8211; Die Akupressurmatte f\u00f6rdert gezielt Entspannung, lindert Muskelverspannungen und unterst\u00fctzt die Faszien-Behandlung. Ideal f\u00fcr R\u00fccken, Nacken und Schultern mit erg\u00e4nzender Nackenrolle.<\/span><\/h6>\n<\/li>\n<li class=\"a-spacing-mini\">\n<h6><span class=\"a-list-item\">\ud83d\udc86\ud83c\udffcErgonomischer Kaltschaum &#8211; Die Akupressurmatte mit Kissen passt sich deinem K\u00f6rper perfekt an. Verteilt Druck gleichm\u00e4\u00dfig und maximiert Komfort f\u00fcr eine effektive, tiefenwirksame Entspannung der Muskulatur.<\/span><\/h6>\n<\/li>\n<li class=\"a-spacing-mini\">\n<h6><span class=\"a-list-item\">\ud83c\udf40Nachhaltiges Leinen &amp; sichere Spitzen &#8211; Hautfreundlich und umweltbewusst: Die Nagelmatte aus Leinen stimuliert Druckpunkte optimal. Ein vollst\u00e4ndiges Akupressur-Set, das Sicherheit und Komfort garantiert.<\/span><\/h6>\n<\/li>\n<li class=\"a-spacing-mini\">\n<h6><span class=\"a-list-item\">\ud83d\udcc3Gepr\u00fcfte Qualit\u00e4t &#8211; Gepr\u00fcftes Akupressur-Set, BPA-frei und vom T\u00dcV best\u00e4tigt. H\u00f6chste Sicherheitsstandards f\u00fcr Deine Gesundheit, ob als Fakirmatte oder f\u00fcr gezielte Anwendung im Nackenbereich.<\/span><\/h6>\n<\/li>\n<li class=\"a-spacing-mini\">\n<h6><span class=\"a-list-item\">\u2705Risikofrei testen &#8211; Entdecke die Vorteile deiner Akupressurmatte. Einfache R\u00fccksendung und unbeschwertes Ausprobieren f\u00fcr maximalen Komfort und eine wohltuende Wirkung.<\/span><\/h6>\n<\/li>\n<\/ul>\n<\/li>\n<\/ul>\n<h6><\/h6>\n<h6 id=\"provenanceCertifications_feature_div\" class=\"celwidget\" data-feature-name=\"provenanceCertifications\" data-csa-c-type=\"widget\" data-csa-c-content-id=\"provenanceCertifications\" data-csa-c-slot-id=\"provenanceCertifications_feature_div\" data-csa-c-asin=\"B0DLBJ4NSV\" data-csa-c-is-in-initial-active-row=\"false\" data-csa-c-id=\"sk3krm-b4zqqs-q49i3h-ghh47w\" data-cel-widget=\"provenanceCertifications_feature_div\"><\/h6>\n<h6 id=\"handmadeArtisanCard_feature_div\" class=\"celwidget\" data-feature-name=\"handmadeArtisanCard\" data-csa-c-type=\"widget\" data-csa-c-content-id=\"handmadeArtisanCard\" data-csa-c-slot-id=\"handmadeArtisanCard_feature_div\" data-csa-c-asin=\"B0DLBJ4NSV\" data-csa-c-is-in-initial-active-row=\"false\" data-csa-c-id=\"1v4116-trgn8u-8janzc-ofynve\" data-cel-widget=\"handmadeArtisanCard_feature_div\"><\/h6>\n<h6 id=\"globalStoreInfoBullets_feature_div\" class=\"celwidget\" data-feature-name=\"globalStoreInfoBullets\" data-csa-c-type=\"widget\" data-csa-c-content-id=\"globalStoreInfoBullets\" data-csa-c-slot-id=\"globalStoreInfoBullets_feature_div\" data-csa-c-asin=\"B0DLBJ4NSV\" data-csa-c-is-in-initial-active-row=\"false\" data-csa-c-id=\"4w0tht-v6fw4z-7lzno-jle5cj\" data-cel-widget=\"globalStoreInfoBullets_feature_div\"><\/h6>\n<h6 id=\"CardInstance9pmqwoUAaLJ2oluH7hPheA\" class=\"a-section a-spacing-none _top-business-reviews-card_style_topBusinessReview__3v8km\" data-card-metrics-id=\"top-business-reviews-card_DetailPage_1\" data-mix-claimed=\"true\"><\/h6>\n<h6 id=\"vendorPoweredCoupon_feature_div\" class=\"celwidget\" data-feature-name=\"vendorPoweredCoupon\" data-csa-c-type=\"widget\" data-csa-c-content-id=\"vendorPoweredCoupon\" data-csa-c-slot-id=\"vendorPoweredCoupon_feature_div\" data-csa-c-asin=\"B0DLBJ4NSV\" data-csa-c-is-in-initial-active-row=\"false\" data-csa-c-id=\"w9yvv-yotxcv-ktyxre-8igrpt\" data-cel-widget=\"vendorPoweredCoupon_feature_div\"><\/h6>\n<h6 id=\"addOnItem_feature_div\" class=\"celwidget\" data-feature-name=\"addOnItem\" data-csa-c-type=\"widget\" data-csa-c-content-id=\"addOnItem\" data-csa-c-slot-id=\"addOnItem_feature_div\" data-csa-c-asin=\"B0DLBJ4NSV\" data-csa-c-is-in-initial-active-row=\"false\" data-csa-c-id=\"vre6a7-pnxhlu-ug52ew-orr50w\" data-cel-widget=\"addOnItem_feature_div\"><\/h6>\n<h6 id=\"giftcard-holiday-availability-messaging_feature_div\" class=\"celwidget\" data-feature-name=\"giftCardHolidayAvailabilityMessaging\" data-csa-c-type=\"widget\" data-csa-c-content-id=\"giftCardHolidayAvailabilityMessaging\" data-csa-c-slot-id=\"giftcard-holiday-availability-messaging_feature_div\" data-csa-c-asin=\"B0DLBJ4NSV\" data-csa-c-is-in-initial-active-row=\"false\" data-csa-c-id=\"6odi92-yznuki-65c4kf-qk6pow\" data-cel-widget=\"giftcard-holiday-availability-messaging_feature_div\"><\/h6>\n<h6 id=\"olp_feature_div\" class=\"celwidget\" data-feature-name=\"olp\" data-csa-c-type=\"widget\" data-csa-c-content-id=\"olp\" data-csa-c-slot-id=\"olp_feature_div\" data-csa-c-asin=\"B0DLBJ4NSV\" data-csa-c-is-in-initial-active-row=\"false\" data-csa-c-id=\"81dhgs-edxe74-dntiyk-sriz3o\" data-cel-widget=\"olp_feature_div\"><\/h6>","protected":false},"excerpt":{"rendered":"<div id=\"title_feature_div\" class=\"celwidget\" data-feature-name=\"title\" data-csa-c-type=\"widget\" data-csa-c-content-id=\"title\" data-csa-c-slot-id=\"title_feature_div\" data-csa-c-asin=\"B0DLBJ4NSV\" data-csa-c-is-in-initial-active-row=\"false\" data-csa-c-id=\"wp1mn2-2jk83z-ry7pap-o8lswc\" data-cel-widget=\"title_feature_div\">\n<div id=\"titleSection\" class=\"a-section a-spacing-none\">\n<div id=\"title_feature_div\" class=\"celwidget\" data-feature-name=\"title\" data-csa-c-type=\"widget\" data-csa-c-content-id=\"title\" data-csa-c-slot-id=\"title_feature_div\" data-csa-c-asin=\"B0DLBJ4NSV\" data-csa-c-is-in-initial-active-row=\"false\" data-csa-c-id=\"wp1mn2-2jk83z-ry7pap-o8lswc\" data-cel-widget=\"title_feature_div\">\n<h6 id=\"titleSection\" class=\"a-section a-spacing-none\"><span id=\"productTitle\" class=\"a-size-large product-title-word-break\">ARIMI\u00ae Akupressurmatte mit Kissen und Tasche, nachhaltig, ergonomisch \u2013 f\u00fcr Schmerzlinderung, Entspannung und Regeneration, ideal f\u00fcr R\u00fccken und Nacken, Massagematte mit Akupressurkissen<\/span><\/h6>\n<\/div>\n<h6><\/h6>\n<\/div>\n<\/div>","protected":false},"featured_media":1985,"template":"","meta":{"site-sidebar-layout":"default","site-content-layout":"","ast-site-content-layout":"default","site-content-style":"default","site-sidebar-style":"default","ast-global-header-display":"","ast-banner-title-visibility":"","ast-main-header-display":"","ast-hfb-above-header-display":"","ast-hfb-below-header-display":"","ast-hfb-mobile-header-display":"","site-post-title":"","ast-breadcrumbs-content":"","ast-featured-img":"","footer-sml-layout":"","ast-disable-related-posts":"","theme-transparent-header-meta":"default","adv-header-id-meta":"","stick-header-meta":"","header-above-stick-meta":"","header-main-stick-meta":"","header-below-stick-meta":"","astra-migrate-meta-layouts":"set","ast-page-background-enabled":"default","ast-page-background-meta":{"desktop":{"background-color":"var(--ast-global-color-4)","background-image":"","background-repeat":"repeat","background-position":"center center","background-size":"auto","background-attachment":"scroll","background-type":"","background-media":"","overlay-type":"","overlay-color":"","overlay-opacity":"","overlay-gradient":""},"tablet":{"background-color":"","background-image":"","background-repeat":"repeat","background-position":"center center","background-size":"auto","background-attachment":"scroll","background-type":"","background-media":"","overlay-type":"","overlay-color":"","overlay-opacity":"","overlay-gradient":""},"mobile":{"background-color":"","background-image":"","background-repeat":"repeat","background-position":"center center","background-size":"auto","background-attachment":"scroll","background-type":"","background-media":"","overlay-type":"","overlay-color":"","overlay-opacity":"","overlay-gradient":""}},"ast-content-background-meta":{"desktop":{"background-color":"var(--ast-global-color-5)","background-image":"","background-repeat":"repeat","background-position":"center center","background-size":"auto","background-attachment":"scroll","background-type":"","background-media":"","overlay-type":"","overlay-color":"","overlay-opacity":"","overlay-gradient":""},"tablet":{"background-color":"var(--ast-global-color-5)","background-image":"","background-repeat":"repeat","background-position":"center center","background-size":"auto","background-attachment":"scroll","background-type":"","background-media":"","overlay-type":"","overlay-color":"","overlay-opacity":"","overlay-gradient":""},"mobile":{"background-color":"var(--ast-global-color-5)","background-image":"","background-repeat":"repeat","background-position":"center center","background-size":"auto","background-attachment":"scroll","background-type":"","background-media":"","overlay-type":"","overlay-color":"","overlay-opacity":"","overlay-gradient":""}}},"product_brand":[],"product_cat":[28],"product_tag":[],"class_list":{"0":"post-1981","1":"product","2":"type-product","3":"status-publish","4":"has-post-thumbnail","6":"product_cat-my-go-tos","7":"desktop-align-left","8":"tablet-align-left","9":"mobile-align-left","11":"first","12":"instock","13":"taxable","14":"shipping-taxable","15":"product-type-external"},"jetpack_sharing_enabled":true,"_links":{"self":[{"href":"https:\/\/constantinstalzer.de\/de\/wp-json\/wp\/v2\/product\/1981","targetHints":{"allow":["GET"]}}],"collection":[{"href":"https:\/\/constantinstalzer.de\/de\/wp-json\/wp\/v2\/product"}],"about":[{"href":"https:\/\/constantinstalzer.de\/de\/wp-json\/wp\/v2\/types\/product"}],"wp:featuredmedia":[{"embeddable":true,"href":"https:\/\/constantinstalzer.de\/de\/wp-json\/wp\/v2\/media\/1985"}],"wp:attachment":[{"href":"https:\/\/constantinstalzer.de\/de\/wp-json\/wp\/v2\/media?parent=1981"}],"wp:term":[{"taxonomy":"product_brand","embeddable":true,"href":"https:\/\/constantinstalzer.de\/de\/wp-json\/wp\/v2\/product_brand?post=1981"},{"taxonomy":"product_cat","embeddable":true,"href":"https:\/\/constantinstalzer.de\/de\/wp-json\/wp\/v2\/product_cat?post=1981"},{"taxonomy":"product_tag","embeddable":true,"href":"https:\/\/constantinstalzer.de\/de\/wp-json\/wp\/v2\/product_tag?post=1981"}],"curies":[{"name":"wp","href":"https:\/\/api.w.org\/{rel}","templated":true}]}}