{"id":1991,"date":"2025-05-13T15:41:04","date_gmt":"2025-05-13T15:41:04","guid":{"rendered":"https:\/\/constantinstalzer.de\/?post_type=product&#038;p=1991"},"modified":"2026-04-19T10:46:35","modified_gmt":"2026-04-19T10:46:35","slug":"stay-hydrated","status":"publish","type":"product","link":"https:\/\/constantinstalzer.de\/de\/produkt\/stay-hydrated\/","title":{"rendered":"Meine Lieblings-Elektrolythe Supp!"},"content":{"rendered":"<div id=\"title_feature_div\" class=\"celwidget\" data-feature-name=\"title\" data-csa-c-type=\"widget\" data-csa-c-content-id=\"title\" data-csa-c-slot-id=\"title_feature_div\" data-csa-c-asin=\"B0DLBJ4NSV\" data-csa-c-is-in-initial-active-row=\"false\" data-csa-c-id=\"wp1mn2-2jk83z-ry7pap-o8lswc\" data-cel-widget=\"title_feature_div\">\n<div id=\"title_feature_div\" class=\"celwidget\" data-feature-name=\"title\" data-csa-c-type=\"widget\" data-csa-c-content-id=\"title\" data-csa-c-slot-id=\"title_feature_div\" data-csa-c-asin=\"B097DQDKZ3\" data-csa-c-is-in-initial-active-row=\"false\" data-csa-c-id=\"ov9m3z-uu4ftt-tsqfgd-d4phed\" data-cel-widget=\"title_feature_div\">\n<div id=\"titleSection\" class=\"a-section a-spacing-none\">\n<h6 class=\"a-size-large a-spacing-none\"><strong><span class=\"a-size-large product-title-word-break\">Science in Sport HYDRO Brausetabletten &#8211; Elektrolyte | Hydration | Recovery<\/span><\/strong><\/h6>\n<h6><\/h6>\n<\/div>\n<\/div>\n<div id=\"featurebullets_feature_div\" class=\"celwidget\" data-feature-name=\"featurebullets\" data-csa-c-type=\"widget\" data-csa-c-content-id=\"featurebullets\" data-csa-c-slot-id=\"featurebullets_feature_div\" data-csa-c-asin=\"B097DQDKZ3\" data-csa-c-is-in-initial-active-row=\"false\" data-csa-c-id=\"rb0aqq-fwani8-z7djd9-la6cd1\" data-cel-widget=\"featurebullets_feature_div\">\n<div id=\"feature-bullets\" class=\"a-section a-spacing-medium a-spacing-top-small\">\n<ul>\n<li style=\"list-style-type: none;\">\n<ul class=\"a-unordered-list a-vertical a-spacing-mini\">\n<li class=\"a-spacing-mini\"><strong><span class=\"a-list-item\">WERTVOLLER WIRKSTOFF KOMPLEX:<\/span><\/strong><span class=\"a-list-item\"> Unsere Elektrolyt Tabletten halten mit ihrem Mineralien Komplex und Vitaminen den Elektrolyt-Haushalt im Gleichgewicht und empfehlen sich f\u00fcr jeden, der moderat oder sehr intensiv Sport treibt<\/span><\/li>\n<li class=\"a-spacing-mini\"><strong><span class=\"a-list-item\">UNTERST\u00dcTZT NERVEN UND MUSKELN: <\/span><\/strong><span class=\"a-list-item\">Elektrolyte wie Kalium, Magnesium und Kalzium tragen zur normalen Muskelfunktion bei. Kalium und Magnesium sind au\u00dferdem wichtig f\u00fcr eine normale Funktion des Nervensystems<\/span><\/li>\n<li class=\"a-spacing-mini\"><strong><span class=\"a-list-item\">OPTIMALE HYDRATION F\u00dcR SPITZENLEISTUNG: <\/span><\/strong><span class=\"a-list-item\">Mit ihrer abgestimmten Natriumkonzentration regen die Electrolytes Tabletten die Hydration an. Durch einen ausgeglichenen Wasserhaushalt f\u00fchlt sich der K\u00f6rper fit f\u00fcr das Training<\/span><\/li>\n<li class=\"a-spacing-mini\"><strong><span class=\"a-list-item\">VEGAN &amp; GLUTENFREI:<\/span><\/strong><span class=\"a-list-item\"> Die aus en Zutaten hergestellten Elektrolyte Sport Tabletten sind vegan und glutenfrei. Au\u00dferdem kommen sie ohne Gentechnik aus<\/span><\/li>\n<li class=\"a-spacing-mini\"><strong><span class=\"a-list-item\">SiS SCIENCE IN SPORT: <\/span><\/strong><span class=\"a-list-item\">Science in Sport ist Pionier in der Sportern\u00e4hrung. Seit 1992 arbeiten wir mit Forschungsinstituten, Spitzensportlern und Sportwissenschaftlern zusammen<\/span><\/li>\n<\/ul>\n<\/li>\n<\/ul>\n<\/div>\n<\/div>\n<\/div>","protected":false},"excerpt":{"rendered":"<div id=\"title_feature_div\" class=\"celwidget\" data-feature-name=\"title\" data-csa-c-type=\"widget\" data-csa-c-content-id=\"title\" data-csa-c-slot-id=\"title_feature_div\" data-csa-c-asin=\"B0DLBJ4NSV\" data-csa-c-is-in-initial-active-row=\"false\" data-csa-c-id=\"wp1mn2-2jk83z-ry7pap-o8lswc\" data-cel-widget=\"title_feature_div\">\n<div id=\"titleSection\" class=\"a-section a-spacing-none\">\n<div id=\"title_feature_div\" class=\"celwidget\" data-feature-name=\"title\" data-csa-c-type=\"widget\" data-csa-c-content-id=\"title\" data-csa-c-slot-id=\"title_feature_div\" data-csa-c-asin=\"B0DLBJ4NSV\" data-csa-c-is-in-initial-active-row=\"false\" data-csa-c-id=\"wp1mn2-2jk83z-ry7pap-o8lswc\" data-cel-widget=\"title_feature_div\">\n<h6 id=\"titleSection\" class=\"a-section a-spacing-none\"><span style=\"font-size: 17.6px;\">Hydration Helper\u00ae LEMON \u2013 Elektrolyt Pulver mit 1118mg Elektrolyten zur besseren Wasseraufnahme f\u00fcr Sport &amp; schnelle Erholung \u2013 25 Sticks mit Zitrone-Geschmack<\/span><\/h6>\n<\/div>\n<\/div>\n<\/div>","protected":false},"featured_media":3299,"template":"","meta":{"site-sidebar-layout":"default","site-content-layout":"","ast-site-content-layout":"default","site-content-style":"default","site-sidebar-style":"default","ast-global-header-display":"","ast-banner-title-visibility":"","ast-main-header-display":"","ast-hfb-above-header-display":"","ast-hfb-below-header-display":"","ast-hfb-mobile-header-display":"","site-post-title":"","ast-breadcrumbs-content":"","ast-featured-img":"","footer-sml-layout":"","ast-disable-related-posts":"","theme-transparent-header-meta":"default","adv-header-id-meta":"","stick-header-meta":"","header-above-stick-meta":"","header-main-stick-meta":"","header-below-stick-meta":"","astra-migrate-meta-layouts":"set","ast-page-background-enabled":"default","ast-page-background-meta":{"desktop":{"background-color":"var(--ast-global-color-4)","background-image":"","background-repeat":"repeat","background-position":"center center","background-size":"auto","background-attachment":"scroll","background-type":"","background-media":"","overlay-type":"","overlay-color":"","overlay-opacity":"","overlay-gradient":""},"tablet":{"background-color":"","background-image":"","background-repeat":"repeat","background-position":"center center","background-size":"auto","background-attachment":"scroll","background-type":"","background-media":"","overlay-type":"","overlay-color":"","overlay-opacity":"","overlay-gradient":""},"mobile":{"background-color":"","background-image":"","background-repeat":"repeat","background-position":"center center","background-size":"auto","background-attachment":"scroll","background-type":"","background-media":"","overlay-type":"","overlay-color":"","overlay-opacity":"","overlay-gradient":""}},"ast-content-background-meta":{"desktop":{"background-color":"var(--ast-global-color-5)","background-image":"","background-repeat":"repeat","background-position":"center center","background-size":"auto","background-attachment":"scroll","background-type":"","background-media":"","overlay-type":"","overlay-color":"","overlay-opacity":"","overlay-gradient":""},"tablet":{"background-color":"var(--ast-global-color-5)","background-image":"","background-repeat":"repeat","background-position":"center center","background-size":"auto","background-attachment":"scroll","background-type":"","background-media":"","overlay-type":"","overlay-color":"","overlay-opacity":"","overlay-gradient":""},"mobile":{"background-color":"var(--ast-global-color-5)","background-image":"","background-repeat":"repeat","background-position":"center center","background-size":"auto","background-attachment":"scroll","background-type":"","background-media":"","overlay-type":"","overlay-color":"","overlay-opacity":"","overlay-gradient":""}}},"product_brand":[],"product_cat":[28],"product_tag":[],"class_list":{"0":"post-1991","1":"product","2":"type-product","3":"status-publish","4":"has-post-thumbnail","6":"product_cat-my-go-tos","7":"desktop-align-left","8":"tablet-align-left","9":"mobile-align-left","11":"first","12":"instock","13":"taxable","14":"shipping-taxable","15":"product-type-external"},"jetpack_sharing_enabled":true,"_links":{"self":[{"href":"https:\/\/constantinstalzer.de\/de\/wp-json\/wp\/v2\/product\/1991","targetHints":{"allow":["GET"]}}],"collection":[{"href":"https:\/\/constantinstalzer.de\/de\/wp-json\/wp\/v2\/product"}],"about":[{"href":"https:\/\/constantinstalzer.de\/de\/wp-json\/wp\/v2\/types\/product"}],"wp:featuredmedia":[{"embeddable":true,"href":"https:\/\/constantinstalzer.de\/de\/wp-json\/wp\/v2\/media\/3299"}],"wp:attachment":[{"href":"https:\/\/constantinstalzer.de\/de\/wp-json\/wp\/v2\/media?parent=1991"}],"wp:term":[{"taxonomy":"product_brand","embeddable":true,"href":"https:\/\/constantinstalzer.de\/de\/wp-json\/wp\/v2\/product_brand?post=1991"},{"taxonomy":"product_cat","embeddable":true,"href":"https:\/\/constantinstalzer.de\/de\/wp-json\/wp\/v2\/product_cat?post=1991"},{"taxonomy":"product_tag","embeddable":true,"href":"https:\/\/constantinstalzer.de\/de\/wp-json\/wp\/v2\/product_tag?post=1991"}],"curies":[{"name":"wp","href":"https:\/\/api.w.org\/{rel}","templated":true}]}}