{"id":2001,"date":"2025-05-13T15:51:00","date_gmt":"2025-05-13T15:51:00","guid":{"rendered":"https:\/\/constantinstalzer.de\/?post_type=product&#038;p=2001"},"modified":"2026-04-19T10:50:16","modified_gmt":"2026-04-19T10:50:16","slug":"coffee-first-1","status":"publish","type":"product","link":"https:\/\/constantinstalzer.de\/de\/produkt\/coffee-first-1\/","title":{"rendered":"Kaffeespezialit\u00e4t Tipp #1 - Caf\u00e9 de Enrico"},"content":{"rendered":"<div id=\"title_feature_div\" class=\"celwidget\" data-feature-name=\"title\" data-csa-c-type=\"widget\" data-csa-c-content-id=\"title\" data-csa-c-slot-id=\"title_feature_div\" data-csa-c-asin=\"B0DLBJ4NSV\" data-csa-c-is-in-initial-active-row=\"false\" data-csa-c-id=\"wp1mn2-2jk83z-ry7pap-o8lswc\" data-cel-widget=\"title_feature_div\">\n<div id=\"title_feature_div\" class=\"celwidget\" data-feature-name=\"title\" data-csa-c-type=\"widget\" data-csa-c-content-id=\"title\" data-csa-c-slot-id=\"title_feature_div\" data-csa-c-asin=\"B097DQDKZ3\" data-csa-c-is-in-initial-active-row=\"false\" data-csa-c-id=\"ov9m3z-uu4ftt-tsqfgd-d4phed\" data-cel-widget=\"title_feature_div\">\n<div id=\"titleSection\" class=\"a-section a-spacing-none\">\n<h6 id=\"title\" class=\"a-size-large a-spacing-none\"><span id=\"productTitle\" class=\"a-size-large product-title-word-break\">Caf\u00e9 de Enrico in Berlin-Sch\u00f6nefeld &#8211; Caf\u00e9 &amp; R\u00f6sterei<\/span><\/h6>\n<h6><\/h6>\n<ul>\n<li style=\"list-style-type: none;\">\n<ul class=\"a-unordered-list a-vertical a-spacing-mini\">\n<li class=\"a-spacing-mini\">\n<h6><span class=\"a-list-item\">\u2615 Caf\u00e9 de Enrico ist eine <strong data-start=\"1762\" data-end=\"1819\">kleine, spezialisierte Kaffeer\u00f6sterei mit Caf\u00e9betrieb<\/strong>, die sich auf <strong data-start=\"1834\" data-end=\"1901\">hochwertige, frisch ger\u00f6stete Bohnen und pers\u00f6nliche Atmosph\u00e4re<\/strong> konzentriert \u2013 ideal sowohl zum Verweilen als auch zum Kauf von Specialty Coffee f\u00fcr zuhause.<\/span><\/h6>\n<\/li>\n<li>\n<h6><span class=\"a-list-item\">\ud83d\udc8e Handverlesen und sortenreiner Specialty Coffee aus Berlin<\/span><\/h6>\n<\/li>\n<li class=\"a-spacing-mini\">\n<h6><span class=\"a-list-item\">\ud83d\udd25 Caf\u00e9-Vibes all over &#8211; FEIER ICH!<\/span><\/h6>\n<\/li>\n<\/ul>\n<\/li>\n<\/ul>\n<\/div>\n<\/div>\n<\/div>","protected":false},"excerpt":{"rendered":"<div id=\"title_feature_div\" class=\"celwidget\" data-feature-name=\"title\" data-csa-c-type=\"widget\" data-csa-c-content-id=\"title\" data-csa-c-slot-id=\"title_feature_div\" data-csa-c-asin=\"B0DLBJ4NSV\" data-csa-c-is-in-initial-active-row=\"false\" data-csa-c-id=\"wp1mn2-2jk83z-ry7pap-o8lswc\" data-cel-widget=\"title_feature_div\">\n<div id=\"titleSection\" class=\"a-section a-spacing-none\">\n<div id=\"title_feature_div\" class=\"celwidget\" data-feature-name=\"title\" data-csa-c-type=\"widget\" data-csa-c-content-id=\"title\" data-csa-c-slot-id=\"title_feature_div\" data-csa-c-asin=\"B0DLBJ4NSV\" data-csa-c-is-in-initial-active-row=\"false\" data-csa-c-id=\"wp1mn2-2jk83z-ry7pap-o8lswc\" data-cel-widget=\"title_feature_div\">\n<h6 id=\"title\" class=\"a-size-large a-spacing-none\"><span id=\"productTitle\" class=\"a-size-large product-title-word-break\">Italo Disco Espresso |1kg ganze Bohne | fair und nachhaltig | frisch ger\u00f6stet | 100% Arabica Kaffeebohnen | specialty coffee | 19grams Kaffeer\u00f6sterei<\/span><\/h6>\n<\/div>\n<\/div>\n<\/div>","protected":false},"featured_media":3293,"template":"","meta":{"site-sidebar-layout":"default","site-content-layout":"","ast-site-content-layout":"default","site-content-style":"default","site-sidebar-style":"default","ast-global-header-display":"","ast-banner-title-visibility":"","ast-main-header-display":"","ast-hfb-above-header-display":"","ast-hfb-below-header-display":"","ast-hfb-mobile-header-display":"","site-post-title":"","ast-breadcrumbs-content":"","ast-featured-img":"","footer-sml-layout":"","ast-disable-related-posts":"","theme-transparent-header-meta":"default","adv-header-id-meta":"","stick-header-meta":"","header-above-stick-meta":"","header-main-stick-meta":"","header-below-stick-meta":"","astra-migrate-meta-layouts":"set","ast-page-background-enabled":"default","ast-page-background-meta":{"desktop":{"background-color":"var(--ast-global-color-4)","background-image":"","background-repeat":"repeat","background-position":"center center","background-size":"auto","background-attachment":"scroll","background-type":"","background-media":"","overlay-type":"","overlay-color":"","overlay-opacity":"","overlay-gradient":""},"tablet":{"background-color":"","background-image":"","background-repeat":"repeat","background-position":"center center","background-size":"auto","background-attachment":"scroll","background-type":"","background-media":"","overlay-type":"","overlay-color":"","overlay-opacity":"","overlay-gradient":""},"mobile":{"background-color":"","background-image":"","background-repeat":"repeat","background-position":"center center","background-size":"auto","background-attachment":"scroll","background-type":"","background-media":"","overlay-type":"","overlay-color":"","overlay-opacity":"","overlay-gradient":""}},"ast-content-background-meta":{"desktop":{"background-color":"var(--ast-global-color-5)","background-image":"","background-repeat":"repeat","background-position":"center center","background-size":"auto","background-attachment":"scroll","background-type":"","background-media":"","overlay-type":"","overlay-color":"","overlay-opacity":"","overlay-gradient":""},"tablet":{"background-color":"var(--ast-global-color-5)","background-image":"","background-repeat":"repeat","background-position":"center center","background-size":"auto","background-attachment":"scroll","background-type":"","background-media":"","overlay-type":"","overlay-color":"","overlay-opacity":"","overlay-gradient":""},"mobile":{"background-color":"var(--ast-global-color-5)","background-image":"","background-repeat":"repeat","background-position":"center center","background-size":"auto","background-attachment":"scroll","background-type":"","background-media":"","overlay-type":"","overlay-color":"","overlay-opacity":"","overlay-gradient":""}}},"product_brand":[],"product_cat":[28],"product_tag":[],"class_list":{"0":"post-2001","1":"product","2":"type-product","3":"status-publish","4":"has-post-thumbnail","6":"product_cat-my-go-tos","7":"desktop-align-left","8":"tablet-align-left","9":"mobile-align-left","11":"first","12":"instock","13":"taxable","14":"shipping-taxable","15":"product-type-external"},"jetpack_sharing_enabled":true,"_links":{"self":[{"href":"https:\/\/constantinstalzer.de\/de\/wp-json\/wp\/v2\/product\/2001","targetHints":{"allow":["GET"]}}],"collection":[{"href":"https:\/\/constantinstalzer.de\/de\/wp-json\/wp\/v2\/product"}],"about":[{"href":"https:\/\/constantinstalzer.de\/de\/wp-json\/wp\/v2\/types\/product"}],"wp:featuredmedia":[{"embeddable":true,"href":"https:\/\/constantinstalzer.de\/de\/wp-json\/wp\/v2\/media\/3293"}],"wp:attachment":[{"href":"https:\/\/constantinstalzer.de\/de\/wp-json\/wp\/v2\/media?parent=2001"}],"wp:term":[{"taxonomy":"product_brand","embeddable":true,"href":"https:\/\/constantinstalzer.de\/de\/wp-json\/wp\/v2\/product_brand?post=2001"},{"taxonomy":"product_cat","embeddable":true,"href":"https:\/\/constantinstalzer.de\/de\/wp-json\/wp\/v2\/product_cat?post=2001"},{"taxonomy":"product_tag","embeddable":true,"href":"https:\/\/constantinstalzer.de\/de\/wp-json\/wp\/v2\/product_tag?post=2001"}],"curies":[{"name":"wp","href":"https:\/\/api.w.org\/{rel}","templated":true}]}}