{"id":2046,"date":"2025-05-17T17:47:59","date_gmt":"2025-05-17T17:47:59","guid":{"rendered":"https:\/\/constantinstalzer.de\/?post_type=product&#038;p=2046"},"modified":"2025-05-18T14:00:45","modified_gmt":"2025-05-18T14:00:45","slug":"embrace-the-cold-rest-recovery-tool","status":"publish","type":"product","link":"https:\/\/constantinstalzer.de\/de\/produkt\/embrace-the-cold-rest-recovery-tool\/","title":{"rendered":"Eisbad - Werkzeug zur Erholung"},"content":{"rendered":"<div id=\"title_feature_div\" class=\"celwidget\" data-feature-name=\"title\" data-csa-c-type=\"widget\" data-csa-c-content-id=\"title\" data-csa-c-slot-id=\"title_feature_div\" data-csa-c-asin=\"B0DLBJ4NSV\" data-csa-c-is-in-initial-active-row=\"false\" data-csa-c-id=\"wp1mn2-2jk83z-ry7pap-o8lswc\" data-cel-widget=\"title_feature_div\">\n<div id=\"title_feature_div\" class=\"celwidget\" data-feature-name=\"title\" data-csa-c-type=\"widget\" data-csa-c-content-id=\"title\" data-csa-c-slot-id=\"title_feature_div\" data-csa-c-asin=\"B097DQDKZ3\" data-csa-c-is-in-initial-active-row=\"false\" data-csa-c-id=\"ov9m3z-uu4ftt-tsqfgd-d4phed\" data-cel-widget=\"title_feature_div\">\n<div id=\"titleSection\" class=\"a-section a-spacing-none\">\n<div id=\"title_feature_div\" class=\"celwidget\" data-feature-name=\"title\" data-csa-c-type=\"widget\" data-csa-c-content-id=\"title\" data-csa-c-slot-id=\"title_feature_div\" data-csa-c-asin=\"B0B77VX4GY\" data-csa-c-is-in-initial-active-row=\"false\" data-csa-c-id=\"2jdile-kdfjza-7yi1mj-gzxsr6\" data-cel-widget=\"title_feature_div\">\n<div id=\"titleSection\" class=\"a-section a-spacing-none\">\n<h6 id=\"title\" class=\"a-size-large a-spacing-none\"><span id=\"productTitle\" class=\"a-size-large product-title-word-break\">Eisbad Tonne f\u00fcr Athleten mit Abdeckung, KISKVV \u00d885 x75cm 378L Eisbad Badewanne Tragbare f\u00fcr Kryotherapie, Faltbare Aufblasbare Mobile Badewanne Eisfass Outdoor Indoor<\/span><\/h6>\n<\/div>\n<\/div>\n<\/div>\n<h6 class=\"a-size-base-plus a-text-bold\"><\/h6>\n<div id=\"titleSection\" class=\"a-section a-spacing-none\">\n<div id=\"title_feature_div\" class=\"celwidget\" data-feature-name=\"title\" data-csa-c-type=\"widget\" data-csa-c-content-id=\"title\" data-csa-c-slot-id=\"title_feature_div\" data-csa-c-asin=\"B0B77VX4GY\" data-csa-c-is-in-initial-active-row=\"false\" data-csa-c-id=\"2jdile-kdfjza-7yi1mj-gzxsr6\" data-cel-widget=\"title_feature_div\">\n<ul>\n<li style=\"list-style-type: none;\">\n<ul class=\"a-unordered-list a-vertical a-spacing-mini\">\n<li class=\"a-spacing-mini\">\n<h6><span class=\"a-list-item\">\u3010Eisbad-Therapie\u3011Unsere Faltbare Badewanne Erwachsene, Entz\u00fcndungen zu reduzieren, das Auftreten von Muskelkater zu verringern, eine h\u00f6here Schlafqualit\u00e4t zu liefern, die Widerstandsf\u00e4higkeit zu erh\u00f6hen und die Erholung zu beschleunigen. Gebaut in h\u00f6chster Qualit\u00e4t, um selbst den h\u00e4rtesten Bedingungen standzuhalten, werden diese Erholungsb\u00e4der schnell zu Ihrer neuesten Trainingsnotwendigkeit.<\/span><\/h6>\n<\/li>\n<li class=\"a-spacing-mini\">\n<h6><span class=\"a-list-item\">\u3010Gro\u00dfe Kapazit\u00e4t f\u00fcr Ganzk\u00f6rper-Immersion\u3011Die tragbare Eisbadewanne ist leicht, faltbar und bequem zu tragen. Mit einem Fassungsverm\u00f6gen von 378 Litern, einer H\u00f6he von 75 cm und einem Durchmesser von 85cm, kann es leicht das Gewicht und die Bewegungen einer Person bis zu 2,1 Meter gro\u00df widerstehen. Hergestellt aus 6 Schichten aus starkem, wasserdichtem und rei\u00dffestem Material, um die interne Temperatur zu halten und die kalte Temperatur l\u00e4nger zu halten.<\/span><\/h6>\n<\/li>\n<li class=\"a-spacing-mini\">\n<h6><span class=\"a-list-item\">\u3010Einzigartiger Kaltwassertherapie\u3011Dieser Eisbadeimer bietet Sportlern, Eisbadenden und Eisbadenden die starken Vorteile der Kryotherapie. Dieser innovative tragbare Eisk\u00fcbel hilft, die Erholungszeit zu beschleunigen, Muskelkater zu reduzieren, den Schlaf und die mentale Gesundheit zu verbessern und sicherzustellen, dass Sie das Beste aus Ihrem Ganzk\u00f6rpertraining herausholen.<\/span><\/h6>\n<\/li>\n<li class=\"a-spacing-mini\">\n<h6><span class=\"a-list-item\">\u3010Hohe Qualit\u00e4t f\u00fcr Optimale Leistung\u3011Unsere Kaltwasserbadewanne ist einfach zu benutzen, zu reinigen und zu lagern. Diese Eisbadewanne besteht aus 6 Schichten robustem, wasserdichtem und rei\u00dffestem Material f\u00fcr eine bemerkenswerte wasserdichte Isolierung. Der isolierte PVC-Deckel und die Staubschutzh\u00fclle aus Oxford-Tuch halten Staub und Ungeziefer fern. Die mitgelieferte Tragetasche erm\u00f6glicht eine einfache Aufbewahrung und einen leichten Transport.<\/span><\/h6>\n<\/li>\n<li class=\"a-spacing-mini\">\n<h6><span class=\"a-list-item\">\u3010Gro\u00dfes Vergn\u00fcgen auf kleinem Raum\u3011Unsere kaltes tauchbecken ist leicht und tragbar, schnell zu installieren, so dass Sie leicht SPA zu Hause, Balkon, Toilette, Innen- und Au\u00dfenbereich genie\u00dfen k\u00f6nnen, es ist perfekt f\u00fcr Reisen, Hotel, Outdoor, RV Dusche verwenden. Die kalte Tauchwanne kann schnell installiert werden und bietet Sportlern und Fitness-Enthusiasten effektive Erholung im Eisbad nach intensiven Trainingseinheiten und Wettk\u00e4mpfen.<\/span><\/h6>\n<\/li>\n<\/ul>\n<\/li>\n<\/ul>\n<\/div>\n<\/div>\n<\/div>\n<\/div>","protected":false},"excerpt":{"rendered":"<div id=\"title_feature_div\" class=\"celwidget\" data-feature-name=\"title\" data-csa-c-type=\"widget\" data-csa-c-content-id=\"title\" data-csa-c-slot-id=\"title_feature_div\" data-csa-c-asin=\"B0DLBJ4NSV\" data-csa-c-is-in-initial-active-row=\"false\" data-csa-c-id=\"wp1mn2-2jk83z-ry7pap-o8lswc\" data-cel-widget=\"title_feature_div\">\n<div id=\"titleSection\" class=\"a-section a-spacing-none\">\n<div id=\"title_feature_div\" class=\"celwidget\" data-feature-name=\"title\" data-csa-c-type=\"widget\" data-csa-c-content-id=\"title\" data-csa-c-slot-id=\"title_feature_div\" data-csa-c-asin=\"B0DLBJ4NSV\" data-csa-c-is-in-initial-active-row=\"false\" data-csa-c-id=\"wp1mn2-2jk83z-ry7pap-o8lswc\" data-cel-widget=\"title_feature_div\">\n<h6 id=\"title\" class=\"a-size-large a-spacing-none\"><span id=\"productTitle\" class=\"a-size-large product-title-word-break\">Eisbad Tonne f\u00fcr Athleten mit Abdeckung, KISKVV \u00d885 x75cm 378L Eisbad Badewanne Tragbare f\u00fcr Kryotherapie, Faltbare Aufblasbare Mobile Badewanne Eisfass Outdoor Indoor<\/span><\/h6>\n<\/div>\n<\/div>\n<\/div>","protected":false},"featured_media":2049,"template":"","meta":{"site-sidebar-layout":"default","site-content-layout":"","ast-site-content-layout":"default","site-content-style":"default","site-sidebar-style":"default","ast-global-header-display":"","ast-banner-title-visibility":"","ast-main-header-display":"","ast-hfb-above-header-display":"","ast-hfb-below-header-display":"","ast-hfb-mobile-header-display":"","site-post-title":"","ast-breadcrumbs-content":"","ast-featured-img":"","footer-sml-layout":"","ast-disable-related-posts":"","theme-transparent-header-meta":"default","adv-header-id-meta":"","stick-header-meta":"","header-above-stick-meta":"","header-main-stick-meta":"","header-below-stick-meta":"","astra-migrate-meta-layouts":"set","ast-page-background-enabled":"default","ast-page-background-meta":{"desktop":{"background-color":"var(--ast-global-color-4)","background-image":"","background-repeat":"repeat","background-position":"center center","background-size":"auto","background-attachment":"scroll","background-type":"","background-media":"","overlay-type":"","overlay-color":"","overlay-opacity":"","overlay-gradient":""},"tablet":{"background-color":"","background-image":"","background-repeat":"repeat","background-position":"center center","background-size":"auto","background-attachment":"scroll","background-type":"","background-media":"","overlay-type":"","overlay-color":"","overlay-opacity":"","overlay-gradient":""},"mobile":{"background-color":"","background-image":"","background-repeat":"repeat","background-position":"center center","background-size":"auto","background-attachment":"scroll","background-type":"","background-media":"","overlay-type":"","overlay-color":"","overlay-opacity":"","overlay-gradient":""}},"ast-content-background-meta":{"desktop":{"background-color":"var(--ast-global-color-5)","background-image":"","background-repeat":"repeat","background-position":"center center","background-size":"auto","background-attachment":"scroll","background-type":"","background-media":"","overlay-type":"","overlay-color":"","overlay-opacity":"","overlay-gradient":""},"tablet":{"background-color":"var(--ast-global-color-5)","background-image":"","background-repeat":"repeat","background-position":"center center","background-size":"auto","background-attachment":"scroll","background-type":"","background-media":"","overlay-type":"","overlay-color":"","overlay-opacity":"","overlay-gradient":""},"mobile":{"background-color":"var(--ast-global-color-5)","background-image":"","background-repeat":"repeat","background-position":"center center","background-size":"auto","background-attachment":"scroll","background-type":"","background-media":"","overlay-type":"","overlay-color":"","overlay-opacity":"","overlay-gradient":""}}},"product_brand":[],"product_cat":[28],"product_tag":[],"class_list":{"0":"post-2046","1":"product","2":"type-product","3":"status-publish","4":"has-post-thumbnail","6":"product_cat-my-go-tos","7":"desktop-align-left","8":"tablet-align-left","9":"mobile-align-left","11":"first","12":"instock","13":"taxable","14":"shipping-taxable","15":"product-type-external"},"jetpack_sharing_enabled":true,"_links":{"self":[{"href":"https:\/\/constantinstalzer.de\/de\/wp-json\/wp\/v2\/product\/2046","targetHints":{"allow":["GET"]}}],"collection":[{"href":"https:\/\/constantinstalzer.de\/de\/wp-json\/wp\/v2\/product"}],"about":[{"href":"https:\/\/constantinstalzer.de\/de\/wp-json\/wp\/v2\/types\/product"}],"wp:featuredmedia":[{"embeddable":true,"href":"https:\/\/constantinstalzer.de\/de\/wp-json\/wp\/v2\/media\/2049"}],"wp:attachment":[{"href":"https:\/\/constantinstalzer.de\/de\/wp-json\/wp\/v2\/media?parent=2046"}],"wp:term":[{"taxonomy":"product_brand","embeddable":true,"href":"https:\/\/constantinstalzer.de\/de\/wp-json\/wp\/v2\/product_brand?post=2046"},{"taxonomy":"product_cat","embeddable":true,"href":"https:\/\/constantinstalzer.de\/de\/wp-json\/wp\/v2\/product_cat?post=2046"},{"taxonomy":"product_tag","embeddable":true,"href":"https:\/\/constantinstalzer.de\/de\/wp-json\/wp\/v2\/product_tag?post=2046"}],"curies":[{"name":"wp","href":"https:\/\/api.w.org\/{rel}","templated":true}]}}