{"id":2058,"date":"2025-05-17T17:53:04","date_gmt":"2025-05-17T17:53:04","guid":{"rendered":"https:\/\/constantinstalzer.de\/?post_type=product&#038;p=2058"},"modified":"2025-05-18T14:02:04","modified_gmt":"2025-05-18T14:02:04","slug":"embrace-the-cold-54kg-eisblockformen-2-stuck","status":"publish","type":"product","link":"https:\/\/constantinstalzer.de\/de\/produkt\/embrace-the-cold-54kg-eisblockformen-2-stuck\/","title":{"rendered":"Eisbad - 5,4kg Blockformen"},"content":{"rendered":"<div id=\"title_feature_div\" class=\"celwidget\" data-feature-name=\"title\" data-csa-c-type=\"widget\" data-csa-c-content-id=\"title\" data-csa-c-slot-id=\"title_feature_div\" data-csa-c-asin=\"B0DLBJ4NSV\" data-csa-c-is-in-initial-active-row=\"false\" data-csa-c-id=\"wp1mn2-2jk83z-ry7pap-o8lswc\" data-cel-widget=\"title_feature_div\">\n<div id=\"title_feature_div\" class=\"celwidget\" data-feature-name=\"title\" data-csa-c-type=\"widget\" data-csa-c-content-id=\"title\" data-csa-c-slot-id=\"title_feature_div\" data-csa-c-asin=\"B097DQDKZ3\" data-csa-c-is-in-initial-active-row=\"false\" data-csa-c-id=\"ov9m3z-uu4ftt-tsqfgd-d4phed\" data-cel-widget=\"title_feature_div\">\n<div id=\"titleSection\" class=\"a-section a-spacing-none\">\n<div id=\"title_feature_div\" class=\"celwidget\" data-feature-name=\"title\" data-csa-c-type=\"widget\" data-csa-c-content-id=\"title\" data-csa-c-slot-id=\"title_feature_div\" data-csa-c-asin=\"B0B77VX4GY\" data-csa-c-is-in-initial-active-row=\"false\" data-csa-c-id=\"2jdile-kdfjza-7yi1mj-gzxsr6\" data-cel-widget=\"title_feature_div\">\n<div id=\"titleSection\" class=\"a-section a-spacing-none\">\n<h6 id=\"title\" class=\"a-size-large a-spacing-none\"><span id=\"productTitle\" class=\"a-size-large product-title-word-break\">2 St\u00fcck Gro\u00dfe Eisblockformen, 5,4kg Eisw\u00fcrfel Extra Dicke Silikon Eisw\u00fcrfelform<\/span><\/h6>\n<h6><\/h6>\n<\/div>\n<\/div>\n<\/div>\n<ul>\n<li style=\"list-style-type: none;\">\n<ul class=\"a-unordered-list a-vertical a-spacing-mini\">\n<li class=\"a-spacing-mini\">\n<h6><span class=\"a-list-item\">\u3010Verdicktes Upgrade-Hochleistungssilikon\u3011Sie erhalten 2 Eisblockformen (k\u00f6nnen insgesamt 5,4 kg Eisbl\u00f6cke herstellen). Unsere extragro\u00dfen silikon-eisw\u00fcrfelform bestehen aus hochwertigem, zuverl\u00e4ssigem Silikon mit verbesserten Stabilit\u00e4tskanten und verst\u00e4rktem Boden, sodass die Eisbl\u00f6cke in guter Form bleiben. \u00c4u\u00dferst belastbar, dick und langlebig. Die antihaftbeschichtete Silikonoberfl\u00e4che erleichtert das L\u00f6sen der eisblock. Leicht zu reinigen und sp\u00fclmaschinenfest sowie Handw\u00e4sche.<\/span><\/h6>\n<\/li>\n<li class=\"a-spacing-mini\">\n<h6><span class=\"a-list-item\">\u3010Halten Sie Ihre Eisbadewanne l\u00e4nger kalt.\u3011 Eisw\u00fcrfelformen-gro\u00df einfrieren beh\u00e4lter, Gro\u00df genug, effizienter, flexibler und langlebiger. Es dauert 7 Stunden l\u00e4nger, bis jeder 2,7-kg-Eisw\u00fcrfel vollst\u00e4ndig geschmolzen ist.Eisw\u00fcrfel passen Ideal zu Ihrem Eisbad, um Ihre Eisbadewanne \u00fcber einen l\u00e4ngeren Zeitraum k\u00fchl zu halten, Verbessern Sie Ihr Eisbaderlebnis, die Erholung des K\u00f6rpers zu beschleunigen und Muskelerm\u00fcdung zu lindern. Eisbad-silikonform-Ein unverzichtbares Zubeh\u00f6r f\u00fcr alle Besitzer von Eisbadewannenmaschinen und tragbaren Kalttauchwannen.<\/span><\/h6>\n<\/li>\n<li class=\"a-spacing-mini\">\n<h6><span class=\"a-list-item\">\u3010Einfach zu f\u00fcllen und zu l\u00f6sen\u3011Silikon-eisw\u00fcrfelschalen. Sie f\u00fcllen einfach Wasser ein und stellen es f\u00fcr 12\u201324 Stunden in den Gefrierschrank. Nach dem vollst\u00e4ndigen Gefrieren 5\u201310 Minuten ruhen lassen und dann den Eisblock aus den Formen nehmen. Zwei rutschfeste gro\u00dfe Griffe erm\u00f6glichen ein einfaches Anheben und Tragen der gef\u00fcllten eisw\u00fcrfeln silikonform. Trapezf\u00f6rmiges Design, flexibles und biegsames Silikon mit Antihaft-Oberfl\u00e4che, m\u00fchelos zu l\u00f6sender Eisblock. Packen Sie 2 extra gro\u00dfe Eisblockschalen ein und sorgen Sie f\u00fcr kontinuierliche und ununterbrochene gro\u00dfe Eisw\u00fcrfel.<\/span><\/h6>\n<\/li>\n<li class=\"a-spacing-mini\">\n<h6><span class=\"a-list-item\">\u3010l\u00f6senSparen Sie Zeit und Geld \u3011Gro\u00dfe eisw\u00fcrfelbeh\u00e4lter-Effizienter und bequemer. Verabschieden Sie sich von der Verwendung mehrerer kleiner Eisw\u00fcrfelbeh\u00e4lter! Die riesige eisbad-silikonform ist definitiv ein gro\u00dfartiges, wiederverwendbares und kosteng\u00fcnstiges Eisbereiter-Werkzeug f\u00fcr die Zubereitung von Eisb\u00e4dern eisw\u00fcrfelbereiter zu Hause. Kontrolle \u00fcber Ihr Budget zu behalten! Das stapelbare Design erleichtert die Aufbewahrung, spart Platz und optimiert den Platz im Gefrierschrank.Geschenk f\u00fcr den Chill-Enthusiasten.<\/span><\/h6>\n<\/li>\n<li class=\"a-spacing-mini\">\n<h6><span class=\"a-list-item\">\u3010Einzigartiges Geschenk f\u00fcr den Eisbadewannen-Chill-Enthusiasten\u3011Perfekte \u00dcberraschung f\u00fcr Thanksgiving, Weihnachten, Geburtstag oder andere Feiertage. Eiswurfelforme Eisw\u00fcrfelbereiter-Tolles Zubeh\u00f6r f\u00fcr Tauchk\u00fchler. Au\u00dfer Eisbl\u00f6cken, die f\u00fcr das Eisbad verwendet werden, f\u00fcllen Sie auch Ihre gro\u00dfe Auswahl an K\u00fchlboxen mit Eisbl\u00f6cken und halten Sie Ihre Speisen und Getr\u00e4nke l\u00e4nger k\u00fchl! Unsere vielseitige Silikon-Eisw\u00fcrfelform eignet sich zum Beispiel f\u00fcr Strand, Angeln, Campingk\u00fchler, Seifenherstellung, Jagd und mehr.<\/span><\/h6>\n<\/li>\n<\/ul>\n<\/li>\n<\/ul>\n<\/div>\n<\/div>","protected":false},"excerpt":{"rendered":"<div id=\"title_feature_div\" class=\"celwidget\" data-feature-name=\"title\" data-csa-c-type=\"widget\" data-csa-c-content-id=\"title\" data-csa-c-slot-id=\"title_feature_div\" data-csa-c-asin=\"B0DLBJ4NSV\" data-csa-c-is-in-initial-active-row=\"false\" data-csa-c-id=\"wp1mn2-2jk83z-ry7pap-o8lswc\" data-cel-widget=\"title_feature_div\">\n<div id=\"titleSection\" class=\"a-section a-spacing-none\">\n<div id=\"title_feature_div\" class=\"celwidget\" data-feature-name=\"title\" data-csa-c-type=\"widget\" data-csa-c-content-id=\"title\" data-csa-c-slot-id=\"title_feature_div\" data-csa-c-asin=\"B0DLBJ4NSV\" data-csa-c-is-in-initial-active-row=\"false\" data-csa-c-id=\"wp1mn2-2jk83z-ry7pap-o8lswc\" data-cel-widget=\"title_feature_div\">\n<h6 id=\"title\" class=\"a-size-large a-spacing-none\"><span id=\"productTitle\" class=\"a-size-large product-title-word-break\">2 St\u00fcck Gro\u00dfe Eisblockformen, 5,4kg Eisw\u00fcrfel Extra Dicke Silikon Eisw\u00fcrfelform<\/span><\/h6>\n<\/div>\n<\/div>\n<\/div>","protected":false},"featured_media":2053,"template":"","meta":{"site-sidebar-layout":"default","site-content-layout":"","ast-site-content-layout":"default","site-content-style":"default","site-sidebar-style":"default","ast-global-header-display":"","ast-banner-title-visibility":"","ast-main-header-display":"","ast-hfb-above-header-display":"","ast-hfb-below-header-display":"","ast-hfb-mobile-header-display":"","site-post-title":"","ast-breadcrumbs-content":"","ast-featured-img":"","footer-sml-layout":"","ast-disable-related-posts":"","theme-transparent-header-meta":"default","adv-header-id-meta":"","stick-header-meta":"","header-above-stick-meta":"","header-main-stick-meta":"","header-below-stick-meta":"","astra-migrate-meta-layouts":"set","ast-page-background-enabled":"default","ast-page-background-meta":{"desktop":{"background-color":"var(--ast-global-color-4)","background-image":"","background-repeat":"repeat","background-position":"center center","background-size":"auto","background-attachment":"scroll","background-type":"","background-media":"","overlay-type":"","overlay-color":"","overlay-opacity":"","overlay-gradient":""},"tablet":{"background-color":"","background-image":"","background-repeat":"repeat","background-position":"center center","background-size":"auto","background-attachment":"scroll","background-type":"","background-media":"","overlay-type":"","overlay-color":"","overlay-opacity":"","overlay-gradient":""},"mobile":{"background-color":"","background-image":"","background-repeat":"repeat","background-position":"center center","background-size":"auto","background-attachment":"scroll","background-type":"","background-media":"","overlay-type":"","overlay-color":"","overlay-opacity":"","overlay-gradient":""}},"ast-content-background-meta":{"desktop":{"background-color":"var(--ast-global-color-5)","background-image":"","background-repeat":"repeat","background-position":"center center","background-size":"auto","background-attachment":"scroll","background-type":"","background-media":"","overlay-type":"","overlay-color":"","overlay-opacity":"","overlay-gradient":""},"tablet":{"background-color":"var(--ast-global-color-5)","background-image":"","background-repeat":"repeat","background-position":"center center","background-size":"auto","background-attachment":"scroll","background-type":"","background-media":"","overlay-type":"","overlay-color":"","overlay-opacity":"","overlay-gradient":""},"mobile":{"background-color":"var(--ast-global-color-5)","background-image":"","background-repeat":"repeat","background-position":"center center","background-size":"auto","background-attachment":"scroll","background-type":"","background-media":"","overlay-type":"","overlay-color":"","overlay-opacity":"","overlay-gradient":""}}},"product_brand":[],"product_cat":[28],"product_tag":[],"class_list":{"0":"post-2058","1":"product","2":"type-product","3":"status-publish","4":"has-post-thumbnail","6":"product_cat-my-go-tos","7":"desktop-align-left","8":"tablet-align-left","9":"mobile-align-left","11":"first","12":"instock","13":"taxable","14":"shipping-taxable","15":"product-type-external"},"jetpack_sharing_enabled":true,"_links":{"self":[{"href":"https:\/\/constantinstalzer.de\/de\/wp-json\/wp\/v2\/product\/2058","targetHints":{"allow":["GET"]}}],"collection":[{"href":"https:\/\/constantinstalzer.de\/de\/wp-json\/wp\/v2\/product"}],"about":[{"href":"https:\/\/constantinstalzer.de\/de\/wp-json\/wp\/v2\/types\/product"}],"wp:featuredmedia":[{"embeddable":true,"href":"https:\/\/constantinstalzer.de\/de\/wp-json\/wp\/v2\/media\/2053"}],"wp:attachment":[{"href":"https:\/\/constantinstalzer.de\/de\/wp-json\/wp\/v2\/media?parent=2058"}],"wp:term":[{"taxonomy":"product_brand","embeddable":true,"href":"https:\/\/constantinstalzer.de\/de\/wp-json\/wp\/v2\/product_brand?post=2058"},{"taxonomy":"product_cat","embeddable":true,"href":"https:\/\/constantinstalzer.de\/de\/wp-json\/wp\/v2\/product_cat?post=2058"},{"taxonomy":"product_tag","embeddable":true,"href":"https:\/\/constantinstalzer.de\/de\/wp-json\/wp\/v2\/product_tag?post=2058"}],"curies":[{"name":"wp","href":"https:\/\/api.w.org\/{rel}","templated":true}]}}