{"id":2129,"date":"2025-07-01T18:06:35","date_gmt":"2025-07-01T18:06:35","guid":{"rendered":"https:\/\/constantinstalzer.de\/?post_type=product&#038;p=2129"},"modified":"2025-08-06T09:53:54","modified_gmt":"2025-08-06T09:53:54","slug":"the-torch-tshirt","status":"publish","type":"product","link":"https:\/\/constantinstalzer.de\/de\/produkt\/the-torch-tshirt\/","title":{"rendered":"Die Fackel - <br> Tshirt <br>"},"content":{"rendered":"<p>&nbsp;<\/p>\n<p><strong>This TORCH shirt will skyrocket your partner stunt level! <\/strong><\/p>\n<p><strong>Maybe not right at the beginning when you&#8217;re still learning and working on the stunt \ud83d\ude09 but definitely in the future.<\/strong><\/p>\n<p><strong>What I can promise, though, is that it will definitely look good on you and represent the partner stunt community!<\/strong><\/p>\n<p><strong>#KeepingItOldschool &#8211; The TORCH is here to stay!<\/strong><\/p>\n<p>&nbsp;<\/p>\n<p><strong>Name<\/strong>: The Torch<\/p>\n<p><strong>Spitzname<\/strong>: Weirdo<\/p>\n<p><strong>Skill<\/strong>: A single-base partner stunt where the flyer performs a liberty with a quarter turn, while the base faces the front and holds the feet with the magical Torch grip.<\/p>\n<p><strong>Tatsache<\/strong>: Most technical skill and bodyposition in the partner stunt area<\/p>\n<p><strong>Ebene<\/strong>: Old but Gold!<\/p>\n<p><strong>Was meine Mutter und mein Vater sagen: <\/strong>\u201cAmazing, that looks like a statue!&#8221;<\/p>\n<p><strong>Tshirt:<\/strong> 180g Single-Jersey, 90% Baumwolle &amp; 10% Viskose, Rundhalsausschnitt, wei\u00df<\/p>\n<p><strong>Haben Sie Fragen? <\/strong>- <em>ConstantinStalzer@gmail.com<\/em><\/p>","protected":false},"excerpt":{"rendered":"<p>Ich wei\u00df, ich wei\u00df, dieses Shirt verleiht dir Superkr\u00e4fte!<br \/>\nHier gibt es nichts mehr hinzuzuf\u00fcgen.<\/p>","protected":false},"featured_media":2140,"template":"","meta":{"site-sidebar-layout":"default","site-content-layout":"content-boxed-container","ast-site-content-layout":"normal-width-container","site-content-style":"boxed","site-sidebar-style":"unboxed","ast-global-header-display":"","ast-banner-title-visibility":"","ast-main-header-display":"","ast-hfb-above-header-display":"","ast-hfb-below-header-display":"","ast-hfb-mobile-header-display":"","site-post-title":"","ast-breadcrumbs-content":"","ast-featured-img":"","footer-sml-layout":"","ast-disable-related-posts":"","theme-transparent-header-meta":"disabled","adv-header-id-meta":"","stick-header-meta":"","header-above-stick-meta":"","header-main-stick-meta":"","header-below-stick-meta":"","astra-migrate-meta-layouts":"set","ast-page-background-enabled":"default","ast-page-background-meta":{"desktop":{"background-color":"var(--ast-global-color-4)","background-image":"","background-repeat":"repeat","background-position":"center center","background-size":"auto","background-attachment":"scroll","background-type":"","background-media":"","overlay-type":"","overlay-color":"","overlay-opacity":"","overlay-gradient":""},"tablet":{"background-color":"","background-image":"","background-repeat":"repeat","background-position":"center center","background-size":"auto","background-attachment":"scroll","background-type":"","background-media":"","overlay-type":"","overlay-color":"","overlay-opacity":"","overlay-gradient":""},"mobile":{"background-color":"","background-image":"","background-repeat":"repeat","background-position":"center center","background-size":"auto","background-attachment":"scroll","background-type":"","background-media":"","overlay-type":"","overlay-color":"","overlay-opacity":"","overlay-gradient":""}},"ast-content-background-meta":{"desktop":{"background-color":"var(--ast-global-color-5)","background-image":"","background-repeat":"repeat","background-position":"center center","background-size":"auto","background-attachment":"scroll","background-type":"","background-media":"","overlay-type":"","overlay-color":"","overlay-opacity":"","overlay-gradient":""},"tablet":{"background-color":"var(--ast-global-color-5)","background-image":"","background-repeat":"repeat","background-position":"center center","background-size":"auto","background-attachment":"scroll","background-type":"","background-media":"","overlay-type":"","overlay-color":"","overlay-opacity":"","overlay-gradient":""},"mobile":{"background-color":"var(--ast-global-color-5)","background-image":"","background-repeat":"repeat","background-position":"center center","background-size":"auto","background-attachment":"scroll","background-type":"","background-media":"","overlay-type":"","overlay-color":"","overlay-opacity":"","overlay-gradient":""}}},"product_brand":[],"product_cat":[23],"product_tag":[],"class_list":{"0":"post-2129","1":"product","2":"type-product","3":"status-publish","4":"has-post-thumbnail","6":"product_cat-partner-stunt-apparel","7":"desktop-align-left","8":"tablet-align-left","9":"mobile-align-left","11":"first","12":"instock","13":"taxable","14":"shipping-taxable","15":"purchasable","16":"product-type-variable"},"jetpack_sharing_enabled":true,"_links":{"self":[{"href":"https:\/\/constantinstalzer.de\/de\/wp-json\/wp\/v2\/product\/2129","targetHints":{"allow":["GET"]}}],"collection":[{"href":"https:\/\/constantinstalzer.de\/de\/wp-json\/wp\/v2\/product"}],"about":[{"href":"https:\/\/constantinstalzer.de\/de\/wp-json\/wp\/v2\/types\/product"}],"wp:featuredmedia":[{"embeddable":true,"href":"https:\/\/constantinstalzer.de\/de\/wp-json\/wp\/v2\/media\/2140"}],"wp:attachment":[{"href":"https:\/\/constantinstalzer.de\/de\/wp-json\/wp\/v2\/media?parent=2129"}],"wp:term":[{"taxonomy":"product_brand","embeddable":true,"href":"https:\/\/constantinstalzer.de\/de\/wp-json\/wp\/v2\/product_brand?post=2129"},{"taxonomy":"product_cat","embeddable":true,"href":"https:\/\/constantinstalzer.de\/de\/wp-json\/wp\/v2\/product_cat?post=2129"},{"taxonomy":"product_tag","embeddable":true,"href":"https:\/\/constantinstalzer.de\/de\/wp-json\/wp\/v2\/product_tag?post=2129"}],"curies":[{"name":"wp","href":"https:\/\/api.w.org\/{rel}","templated":true}]}}