{"id":2943,"date":"2025-08-01T12:13:55","date_gmt":"2025-08-01T12:13:55","guid":{"rendered":"https:\/\/constantinstalzer.de\/?post_type=product&#038;p=2943"},"modified":"2025-08-04T14:08:52","modified_gmt":"2025-08-04T14:08:52","slug":"sriracha-mayo-sauce-on-everything","status":"publish","type":"product","link":"https:\/\/constantinstalzer.de\/de\/produkt\/sriracha-mayo-sauce-on-everything\/","title":{"rendered":"Sriracha-Mayo-So\u00dfe auf allem!"},"content":{"rendered":"<div id=\"title_feature_div\" class=\"celwidget\" data-feature-name=\"title\" data-csa-c-type=\"widget\" data-csa-c-content-id=\"title\" data-csa-c-slot-id=\"title_feature_div\" data-csa-c-asin=\"B0DLBJ4NSV\" data-csa-c-is-in-initial-active-row=\"false\" data-csa-c-id=\"wp1mn2-2jk83z-ry7pap-o8lswc\" data-cel-widget=\"title_feature_div\">\n<div id=\"title_feature_div\" class=\"celwidget\" data-feature-name=\"title\" data-csa-c-type=\"widget\" data-csa-c-content-id=\"title\" data-csa-c-slot-id=\"title_feature_div\" data-csa-c-asin=\"B097DQDKZ3\" data-csa-c-is-in-initial-active-row=\"false\" data-csa-c-id=\"ov9m3z-uu4ftt-tsqfgd-d4phed\" data-cel-widget=\"title_feature_div\">\n<div id=\"titleSection\" class=\"a-section a-spacing-none\">\n<div id=\"title_feature_div\" class=\"celwidget\" data-feature-name=\"title\" data-csa-c-type=\"widget\" data-csa-c-content-id=\"title\" data-csa-c-slot-id=\"title_feature_div\" data-csa-c-asin=\"B0B77VX4GY\" data-csa-c-is-in-initial-active-row=\"false\" data-csa-c-id=\"2jdile-kdfjza-7yi1mj-gzxsr6\" data-cel-widget=\"title_feature_div\">\n<div id=\"titleSection\" class=\"a-section a-spacing-none\">\n<h6 class=\"a-size-large a-spacing-none\"><span class=\"a-size-large product-title-word-break\">FLYING GOOSE Sriracha Mayo Sauce<\/span><\/h6>\n<h6><\/h6>\n<ul>\n<li class=\"a-size-large a-spacing-none\">Die Mayonnaise der weltbekannten Flying Goose Brand besteht aus sonnengereiften Chilischoten und verleiht zahlreichen Gerichten eine extra w\u00fcrzige Note.<\/li>\n<li class=\"a-size-large a-spacing-none\">Probieren Sie die besondere und einzigartige Kombination aus scharfer Sriracha Sauce und k\u00f6stlicher Mayonnaise.<\/li>\n<li class=\"a-size-large a-spacing-none\">Die thail\u00e4ndische Chilicreme verfeinert jedes Gericht mit der richtigen W\u00fcrze.<\/li>\n<li class=\"a-size-large a-spacing-none\">Vielf\u00e4ltig einsetzbar ist sie lecker als Dip zu Pommes Frites, Brot und Sushi.<\/li>\n<li class=\"a-size-large a-spacing-none\">W\u00fcrzen Sie Sandwiches, Burger, D\u00f6ner oder Kebab mit der k\u00f6stlichen Sriracha Mayo Sauce. Ideal f\u00fcr die Sommersaison zum Grillen oder als Dip zu Kartoffelchips beim gem\u00fctlichen Filmabend.<\/li>\n<li class=\"a-size-large a-spacing-none\">Langweilig war gestern, die cremige Mayonnaise ist ideal f\u00fcr alle die gerne in der K\u00fcche experimentieren und ihr Lieblingsgericht mit einer leichten Sch\u00e4rfe versehen wollen.<\/li>\n<li class=\"a-size-large a-spacing-none\">Der Klassiker der Srircha Saucen als k\u00f6stliche Mayonnaise hat einen harmonischen Geschmack und eine cremige Konsistenz. Schon wenige Tropfen machen jedes Gericht zu einem aromatisch w\u00fcrzigen Geschmackserlebnis.<\/li>\n<\/ul>\n<\/div>\n<\/div>\n<\/div>\n<\/div>\n<\/div>","protected":false},"excerpt":{"rendered":"<div id=\"title_feature_div\" class=\"celwidget\" data-feature-name=\"title\" data-csa-c-type=\"widget\" data-csa-c-content-id=\"title\" data-csa-c-slot-id=\"title_feature_div\" data-csa-c-asin=\"B0DLBJ4NSV\" data-csa-c-is-in-initial-active-row=\"false\" data-csa-c-id=\"wp1mn2-2jk83z-ry7pap-o8lswc\" data-cel-widget=\"title_feature_div\">\n<div id=\"titleSection\" class=\"a-section a-spacing-none\">\n<div id=\"title_feature_div\" class=\"celwidget\" data-feature-name=\"title\" data-csa-c-type=\"widget\" data-csa-c-content-id=\"title\" data-csa-c-slot-id=\"title_feature_div\" data-csa-c-asin=\"B0DLBJ4NSV\" data-csa-c-is-in-initial-active-row=\"false\" data-csa-c-id=\"wp1mn2-2jk83z-ry7pap-o8lswc\" data-cel-widget=\"title_feature_div\">\n<h6 id=\"title\" class=\"a-size-large a-spacing-none\"><span class=\"a-list-item\">Reese&#8217;s nutrageous Bar ist ein perfekter Snack mit einer schmackhaften Kombination aus k\u00f6stlicher Schokolade, zarter Erdnussbutter, s\u00fc\u00dfem Karamell und knackigen Erdn\u00fcssen<\/span><\/h6>\n<\/div>\n<\/div>\n<\/div>","protected":false},"featured_media":2947,"template":"","meta":{"site-sidebar-layout":"default","site-content-layout":"","ast-site-content-layout":"default","site-content-style":"default","site-sidebar-style":"default","ast-global-header-display":"","ast-banner-title-visibility":"","ast-main-header-display":"","ast-hfb-above-header-display":"","ast-hfb-below-header-display":"","ast-hfb-mobile-header-display":"","site-post-title":"","ast-breadcrumbs-content":"","ast-featured-img":"","footer-sml-layout":"","ast-disable-related-posts":"","theme-transparent-header-meta":"default","adv-header-id-meta":"","stick-header-meta":"","header-above-stick-meta":"","header-main-stick-meta":"","header-below-stick-meta":"","astra-migrate-meta-layouts":"set","ast-page-background-enabled":"default","ast-page-background-meta":{"desktop":{"background-color":"var(--ast-global-color-4)","background-image":"","background-repeat":"repeat","background-position":"center center","background-size":"auto","background-attachment":"scroll","background-type":"","background-media":"","overlay-type":"","overlay-color":"","overlay-opacity":"","overlay-gradient":""},"tablet":{"background-color":"","background-image":"","background-repeat":"repeat","background-position":"center center","background-size":"auto","background-attachment":"scroll","background-type":"","background-media":"","overlay-type":"","overlay-color":"","overlay-opacity":"","overlay-gradient":""},"mobile":{"background-color":"","background-image":"","background-repeat":"repeat","background-position":"center center","background-size":"auto","background-attachment":"scroll","background-type":"","background-media":"","overlay-type":"","overlay-color":"","overlay-opacity":"","overlay-gradient":""}},"ast-content-background-meta":{"desktop":{"background-color":"var(--ast-global-color-5)","background-image":"","background-repeat":"repeat","background-position":"center center","background-size":"auto","background-attachment":"scroll","background-type":"","background-media":"","overlay-type":"","overlay-color":"","overlay-opacity":"","overlay-gradient":""},"tablet":{"background-color":"var(--ast-global-color-5)","background-image":"","background-repeat":"repeat","background-position":"center center","background-size":"auto","background-attachment":"scroll","background-type":"","background-media":"","overlay-type":"","overlay-color":"","overlay-opacity":"","overlay-gradient":""},"mobile":{"background-color":"var(--ast-global-color-5)","background-image":"","background-repeat":"repeat","background-position":"center center","background-size":"auto","background-attachment":"scroll","background-type":"","background-media":"","overlay-type":"","overlay-color":"","overlay-opacity":"","overlay-gradient":""}}},"product_brand":[],"product_cat":[28],"product_tag":[],"class_list":{"0":"post-2943","1":"product","2":"type-product","3":"status-publish","4":"has-post-thumbnail","6":"product_cat-my-go-tos","7":"desktop-align-left","8":"tablet-align-left","9":"mobile-align-left","11":"first","12":"instock","13":"taxable","14":"shipping-taxable","15":"product-type-external"},"jetpack_sharing_enabled":true,"_links":{"self":[{"href":"https:\/\/constantinstalzer.de\/de\/wp-json\/wp\/v2\/product\/2943","targetHints":{"allow":["GET"]}}],"collection":[{"href":"https:\/\/constantinstalzer.de\/de\/wp-json\/wp\/v2\/product"}],"about":[{"href":"https:\/\/constantinstalzer.de\/de\/wp-json\/wp\/v2\/types\/product"}],"wp:featuredmedia":[{"embeddable":true,"href":"https:\/\/constantinstalzer.de\/de\/wp-json\/wp\/v2\/media\/2947"}],"wp:attachment":[{"href":"https:\/\/constantinstalzer.de\/de\/wp-json\/wp\/v2\/media?parent=2943"}],"wp:term":[{"taxonomy":"product_brand","embeddable":true,"href":"https:\/\/constantinstalzer.de\/de\/wp-json\/wp\/v2\/product_brand?post=2943"},{"taxonomy":"product_cat","embeddable":true,"href":"https:\/\/constantinstalzer.de\/de\/wp-json\/wp\/v2\/product_cat?post=2943"},{"taxonomy":"product_tag","embeddable":true,"href":"https:\/\/constantinstalzer.de\/de\/wp-json\/wp\/v2\/product_tag?post=2943"}],"curies":[{"name":"wp","href":"https:\/\/api.w.org\/{rel}","templated":true}]}}